{"id":821,"date":"2022-09-27T10:55:32","date_gmt":"2022-09-27T08:55:32","guid":{"rendered":"https:\/\/furnicert.eu\/furnicert\/"},"modified":"2023-01-23T10:36:10","modified_gmt":"2023-01-23T09:36:10","slug":"furnicert","status":"publish","type":"page","link":"https:\/\/furnicert.eu\/es\/furnicert\/","title":{"rendered":"FURNICERT"},"content":{"rendered":"\n<h1 class=\"has-text-align-right banda-abajo wp-block-heading\">\u00bfPor qu\u00e9 FURNICERT?<\/h1>\n\n\n\n<p class=\"m-w-700\" style=\"font-size:30px\">Esta iniciativa Erasmus+ contribuir\u00e1 al perfeccionamiento y al reciclaje profesional tanto de directores y de trabajadores del sector del mueble como de profesores de lenguas. Adem\u00e1s, aumentar\u00e1 las oportunidades de aprendizaje y la movilidad laboral.<\/p>\n\n\n\n<div class=\"wp-block-group max-w-1100 align-center\"><div class=\"wp-block-group__inner-container is-layout-flow wp-block-group-is-layout-flow\">\n<div class=\"wp-block-columns columna-sin-espacio-inferior is-layout-flex wp-container-core-columns-is-layout-9d6595d7 wp-block-columns-is-layout-flex\">\n<div class=\"wp-block-column is-layout-flow wp-block-column-is-layout-flow\">\n<p>Los socios realizaron una investigaci\u00f3n en Polonia, Espa\u00f1a, Irlanda y Grecia. Los participantes \u2014clientes, profesores de lenguas, estudiantes, partes interesadas y el personal de los socios\u2014 sumaron un total de 200 encuestados. M\u00e9todos de investigaci\u00f3n: trabajo de documentaci\u00f3n, grupos destinatarios,<\/p>\n<\/div>\n\n\n\n<div class=\"wp-block-column is-layout-flow wp-block-column-is-layout-flow\">\n<p> entrevistas detalladas; resumen de la actual situaci\u00f3n de las empresas del sector del mueble en relaci\u00f3n con sus necesidades formativas; pensamiento de dise\u00f1o; aprendizaje de lenguas y la competencia digital docente.<\/p>\n<\/div>\n<\/div>\n\n\n\n<div class=\"wp-block-getwid-advanced-spacer getwid-hide-desktop getwid-hide-tablet\" style=\"height:30px\" aria-hidden=\"true\"><\/div>\n\n\n\n<div class=\"wp-block-columns is-layout-flex wp-container-core-columns-is-layout-9d6595d7 wp-block-columns-is-layout-flex\">\n<div class=\"wp-block-column is-layout-flow wp-block-column-is-layout-flow\">\n<div class=\"wp-block-getwid-counter\"><div class=\"wp-block-getwid-counter__wrapper\" data-start=\"0\" data-end=\"58\" data-decimal-places=\"0\" data-duration=\"3\" data-use-easing=\"true\" data-use-grouping=\"true\" data-separator=\",\" data-decimal=\".\" data-easing-fn=\"outExpo\" data-numerals=\"default\"><span class=\"wp-block-getwid-counter__number has-text-color has-azul-claro-color\">0<\/span><\/div><\/div>\n\n\n\n<p>de las empresas demanda como requisito una buena competencia ling\u00fc\u00edstica a los candidatos a puestos directivos.<\/p>\n<\/div>\n\n\n\n<div class=\"wp-block-column is-layout-flow wp-block-column-is-layout-flow\">\n<div class=\"wp-block-getwid-counter\"><div class=\"wp-block-getwid-counter__wrapper\" data-start=\"0\" data-end=\"10\" data-decimal-places=\"0\" data-duration=\"3\" data-use-easing=\"true\" data-use-grouping=\"true\" data-separator=\",\" data-decimal=\".\" data-easing-fn=\"outExpo\" data-numerals=\"default\"><span class=\"wp-block-getwid-counter__number has-text-color has-azul-claro-color\">0<\/span><\/div><\/div>\n\n\n\n<p>de las empresas afirman que es posible contratar a un candidato para un puesto m\u00e1s alto sin que sepa una lengua extranjera<\/p>\n<\/div>\n\n\n\n<div class=\"wp-block-column is-layout-flow wp-block-column-is-layout-flow\">\n<div class=\"wp-block-getwid-counter\"><div class=\"wp-block-getwid-counter__wrapper\" data-start=\"0\" data-end=\"50\" data-decimal-places=\"0\" data-duration=\"3\" data-use-easing=\"true\" data-use-grouping=\"true\" data-separator=\",\" data-decimal=\".\" data-easing-fn=\"outExpo\" data-numerals=\"default\"><span class=\"wp-block-getwid-counter__number has-text-color has-azul-claro-color\">0<\/span><\/div><\/div>\n\n\n\n<p>de los emprendedores encuestados confirman que es significativa la falta de competencia ling\u00fc\u00edstica entre los candidato<\/p>\n<\/div>\n\n\n\n<div class=\"wp-block-column is-layout-flow wp-block-column-is-layout-flow\">\n<div class=\"wp-block-getwid-counter\"><div class=\"wp-block-getwid-counter__wrapper\" data-start=\"0\" data-end=\"48\" data-decimal-places=\"0\" data-duration=\"3\" data-use-easing=\"true\" data-use-grouping=\"true\" data-separator=\",\" data-decimal=\".\" data-easing-fn=\"outExpo\" data-numerals=\"default\"><span class=\"wp-block-getwid-counter__number has-text-color has-azul-claro-color\">0<\/span><\/div><\/div>\n\n\n\n<p>de las empresas demandan como requisito una buena competencia ling\u00fc\u00edstica para los puestos especializados<\/p>\n<\/div>\n<\/div>\n\n\n\n<div class=\"wp-block-buttons is-content-justification-right is-layout-flex wp-container-core-buttons-is-layout-765c4724 wp-block-buttons-is-layout-flex\">\n<div class=\"wp-block-button min-w-100\"><a class=\"wp-block-button__link has-rojo-claro-background-color has-background wp-element-button\" href=\"https:\/\/furnicert.eu\/es\/informacion-del-proyecto\/\">+Info<\/a><\/div>\n<\/div>\n\n\n\n<div class=\"wp-block-getwid-advanced-spacer\" style=\"height:100px\" aria-hidden=\"true\"><\/div>\n\n\n\n<div class=\"wp-block-columns is-layout-flex wp-container-core-columns-is-layout-9d6595d7 wp-block-columns-is-layout-flex\">\n<div class=\"wp-block-column is-layout-flow wp-block-column-is-layout-flow\">\n<h2 class=\"has-medium-font-size wp-block-heading\"><strong>Beneficios para los empleados<\/strong><\/h2>\n\n\n\n<ul class=\"wp-block-list\">\n<li>Un certificado reconocido por la UE de las habilidades y las competencias.<\/li>\n\n\n\n<li>Mejora de la competencia ling\u00fc\u00edstica.<\/li>\n\n\n\n<li>Mejora de las habilidades ling\u00fc\u00edsticas relacionadas con el sector del mueble.<\/li>\n\n\n\n<li>Acceso para los estudiantes a material formativo en l\u00ednea.<\/li>\n\n\n\n<li>Los trabajadores del sector del mueble comprender\u00e1n mejor las necesidades de sus clientes extranjeros.<\/li>\n\n\n\n<li>Los usuarios aprender\u00e1n nuevos enfoques para el aprendizaje de lenguas.<\/li>\n\n\n\n<li>Aprendizaje a distancia con herramientas en l\u00ednea y t\u00e9cnicas creativas.<\/li>\n\n\n\n<li>Mejora de las oportunidades profesionales de networking.<\/li>\n\n\n\n<li>Acceso a herramientas y materiales de aprendizaje en l\u00ednea.<\/li>\n\n\n\n<li>Un cambio real para aumentar la competencia en el mercado.<\/li>\n<\/ul>\n<\/div>\n\n\n\n<div class=\"wp-block-column is-layout-flow wp-block-column-is-layout-flow\">\n<h2 class=\"has-medium-font-size wp-block-heading\"><strong>Beneficios para los profesores de lenguas<\/strong><\/h2>\n\n\n\n<ul class=\"wp-block-list\">\n<li>Un enfoque nuevo para el aprendizaje de lenguas en la formaci\u00f3n profesional.<\/li>\n\n\n\n<li>Un enfoque m\u00e1s creativo para ense\u00f1ar lenguas en la formaci\u00f3n profesional.<\/li>\n\n\n\n<li>Una herramienta complementaria para trabajar el ambiente laboral y el desarrollo personal y profesional.<\/li>\n\n\n\n<li>Contacto con nuevas metodolog\u00edas para el aprendizaje de lenguas en FP y metodolog\u00eda CLIL, as\u00ed como para la certificaci\u00f3n de lenguas.<\/li>\n\n\n\n<li>Aumento de la motivaci\u00f3n para trabajar.<\/li>\n\n\n\n<li>Intercambio de experiencias, conocimientos e ideas.<\/li>\n\n\n\n<li>Oportunidades para generar v\u00ednculos s\u00f3lidos con otros profesores de lenguas y empresas del mueble.<\/li>\n\n\n\n<li>Libre acceso a toda la informaci\u00f3n y los materiales desarrollados en el proyecto.<\/li>\n<\/ul>\n<\/div>\n<\/div>\n\n\n\n<div class=\"wp-block-getwid-advanced-spacer getwid-hide-mobile\" style=\"height:100px\" aria-hidden=\"true\"><\/div>\n<\/div><\/div>\n\n\n\r\n        <div class=\"wp-block-getwid-post-carousel custom-post-type-post has-slides-gap-large is-carousel has-arrows-none has-dots-none\">\r\n            <div data-slider-option=\"{&quot;sliderSlidesToShowDesktop&quot;:&quot;3&quot;,&quot;getwid_slidesToShowLaptop&quot;:&quot;1&quot;,&quot;getwid_slidesToShowTablet&quot;:&quot;2&quot;,&quot;getwid_slidesToShowMobile&quot;:&quot;1&quot;,&quot;getwid_autoplay_speed&quot;:6000,&quot;getwid_animation_speed&quot;:800,&quot;getwid_slidesToScroll&quot;:&quot;1&quot;,&quot;getwid_autoplay&quot;:true,&quot;getwid_infinite&quot;:true,&quot;getwid_center_mode&quot;:false,&quot;getwid_arrows&quot;:&quot;none&quot;,&quot;getwid_dots&quot;:&quot;none&quot;}\" class=\"wp-block-getwid-post-carousel__wrapper\">\r\n                \t\t\t\t\t\t\t<div class=\"wp-block-getwid-post-carousel__slide\">\r\n\t\t\t\t\t\t\t\t\r\n<div class=\"wp-block-getwid-template-post-featured-image\" >\r\n            <a href=\"https:\/\/furnicert.eu\/es\/furnicert-says-goodbye-in-athens\/\">\r\n        <img loading=\"lazy\" decoding=\"async\" width=\"1200\" height=\"900\" src=\"https:\/\/furnicert.eu\/files\/WhatsApp-Image-2024-06-07-at-21.36.46-1200x900.jpeg\" class=\"attachment-large size-large wp-post-image\" alt=\"FURNICERT says goodbye in Athens\" srcset=\"https:\/\/furnicert.eu\/files\/WhatsApp-Image-2024-06-07-at-21.36.46-1200x900.jpeg 1200w, https:\/\/furnicert.eu\/files\/WhatsApp-Image-2024-06-07-at-21.36.46-600x450.jpeg 600w, https:\/\/furnicert.eu\/files\/WhatsApp-Image-2024-06-07-at-21.36.46-100x75.jpeg 100w, https:\/\/furnicert.eu\/files\/WhatsApp-Image-2024-06-07-at-21.36.46-768x576.jpeg 768w, https:\/\/furnicert.eu\/files\/WhatsApp-Image-2024-06-07-at-21.36.46.jpeg 1280w\" sizes=\"auto, (max-width: 1200px) 100vw, 1200px\" \/>            <\/a>\r\n    <\/div>\r\n\n\n\r\n<h3 class=\"wp-block-getwid-template-post-title\"><a class=\"wp-block-getwid-template-post-title__link\" href=\"https:\/\/furnicert.eu\/es\/furnicert-says-goodbye-in-athens\/\">FURNICERT says goodbye in Athens<\/a><\/h3>\t\t\t\t\t\t\t<\/div>\r\n\t\t\t\t\t\t\t\t\t\t\t\t\t<div class=\"wp-block-getwid-post-carousel__slide\">\r\n\t\t\t\t\t\t\t\t\r\n<div class=\"wp-block-getwid-template-post-featured-image\" >\r\n            <a href=\"https:\/\/furnicert.eu\/es\/cetem-promotes-innovation-and-language-learning-in-the-furniture-sector\/\">\r\n        <img loading=\"lazy\" decoding=\"async\" width=\"1200\" height=\"900\" src=\"https:\/\/furnicert.eu\/files\/IMG_1620-1200x900.jpg\" class=\"attachment-large size-large wp-post-image\" alt=\"CETEM promotes innovation and language learning in the furniture sector\" srcset=\"https:\/\/furnicert.eu\/files\/IMG_1620-1200x900.jpg 1200w, https:\/\/furnicert.eu\/files\/IMG_1620-600x450.jpg 600w, https:\/\/furnicert.eu\/files\/IMG_1620-100x75.jpg 100w, https:\/\/furnicert.eu\/files\/IMG_1620-768x576.jpg 768w, https:\/\/furnicert.eu\/files\/IMG_1620-1536x1152.jpg 1536w, https:\/\/furnicert.eu\/files\/IMG_1620-2048x1536.jpg 2048w\" sizes=\"auto, (max-width: 1200px) 100vw, 1200px\" \/>            <\/a>\r\n    <\/div>\r\n\n\n\r\n<h3 class=\"wp-block-getwid-template-post-title\"><a class=\"wp-block-getwid-template-post-title__link\" href=\"https:\/\/furnicert.eu\/es\/cetem-promotes-innovation-and-language-learning-in-the-furniture-sector\/\">CETEM promotes innovation and language learning in the furniture sector<\/a><\/h3>\t\t\t\t\t\t\t<\/div>\r\n\t\t\t\t\t\t\t\t\t\t\t\t\t<div class=\"wp-block-getwid-post-carousel__slide\">\r\n\t\t\t\t\t\t\t\t\r\n<div class=\"wp-block-getwid-template-post-featured-image\" >\r\n            <a href=\"https:\/\/furnicert.eu\/es\/language-course-and-certification-for-the-furniture-industry\/\">\r\n        <img loading=\"lazy\" decoding=\"async\" width=\"800\" height=\"773\" src=\"https:\/\/furnicert.eu\/files\/Platform2.jpg\" class=\"attachment-large size-large wp-post-image\" alt=\"Language Course and Certification for the Furniture Industry\" srcset=\"https:\/\/furnicert.eu\/files\/Platform2.jpg 800w, https:\/\/furnicert.eu\/files\/Platform2-466x450.jpg 466w, https:\/\/furnicert.eu\/files\/Platform2-768x742.jpg 768w\" sizes=\"auto, (max-width: 800px) 100vw, 800px\" \/>            <\/a>\r\n    <\/div>\r\n\n\n\r\n<h3 class=\"wp-block-getwid-template-post-title\"><a class=\"wp-block-getwid-template-post-title__link\" href=\"https:\/\/furnicert.eu\/es\/language-course-and-certification-for-the-furniture-industry\/\">Language Course and Certification for the Furniture Industry<\/a><\/h3>\t\t\t\t\t\t\t<\/div>\r\n\t\t\t\t\t\t\t\t\t\t\t\t\t<div class=\"wp-block-getwid-post-carousel__slide\">\r\n\t\t\t\t\t\t\t\t\r\n<div class=\"wp-block-getwid-template-post-featured-image\" >\r\n            <a href=\"https:\/\/furnicert.eu\/es\/furnicert-certifies-your-furniture-and-english-skills\/\">\r\n        <img loading=\"lazy\" decoding=\"async\" width=\"900\" height=\"900\" src=\"https:\/\/furnicert.eu\/files\/3945412-900x900.jpg\" class=\"attachment-large size-large wp-post-image\" alt=\"FURNICERT certifies your furniture and English skills\" srcset=\"https:\/\/furnicert.eu\/files\/3945412-900x900.jpg 900w, https:\/\/furnicert.eu\/files\/3945412-450x450.jpg 450w, https:\/\/furnicert.eu\/files\/3945412-768x768.jpg 768w, https:\/\/furnicert.eu\/files\/3945412-1536x1536.jpg 1536w, https:\/\/furnicert.eu\/files\/3945412.jpg 2000w\" sizes=\"auto, (max-width: 900px) 100vw, 900px\" \/>            <\/a>\r\n    <\/div>\r\n\n\n\r\n<h3 class=\"wp-block-getwid-template-post-title\"><a class=\"wp-block-getwid-template-post-title__link\" href=\"https:\/\/furnicert.eu\/es\/furnicert-certifies-your-furniture-and-english-skills\/\">FURNICERT certifies your furniture and English skills<\/a><\/h3>\t\t\t\t\t\t\t<\/div>\r\n\t\t\t\t\t\t\t\t\t\t\t\t\t<div class=\"wp-block-getwid-post-carousel__slide\">\r\n\t\t\t\t\t\t\t\t\r\n<div class=\"wp-block-getwid-template-post-featured-image\" >\r\n            <a href=\"https:\/\/furnicert.eu\/es\/project-result-4-in-a-nutshell-innovating-language-learning-for-the-furniture-sector\/\">\r\n        <img loading=\"lazy\" decoding=\"async\" width=\"1200\" height=\"800\" src=\"https:\/\/furnicert.eu\/files\/graphic-designers-meeting-1200x800.jpg\" class=\"attachment-large size-large wp-post-image\" alt=\"Project Result 4 in a nutshell: innovating language learning for the furniture sector\" srcset=\"https:\/\/furnicert.eu\/files\/graphic-designers-meeting-1200x800.jpg 1200w, https:\/\/furnicert.eu\/files\/graphic-designers-meeting-600x400.jpg 600w, https:\/\/furnicert.eu\/files\/graphic-designers-meeting-768x512.jpg 768w, https:\/\/furnicert.eu\/files\/graphic-designers-meeting-1536x1024.jpg 1536w, https:\/\/furnicert.eu\/files\/graphic-designers-meeting-2048x1365.jpg 2048w\" sizes=\"auto, (max-width: 1200px) 100vw, 1200px\" \/>            <\/a>\r\n    <\/div>\r\n\n\n\r\n<h3 class=\"wp-block-getwid-template-post-title\"><a class=\"wp-block-getwid-template-post-title__link\" href=\"https:\/\/furnicert.eu\/es\/project-result-4-in-a-nutshell-innovating-language-learning-for-the-furniture-sector\/\">Project Result 4 in a nutshell: innovating language learning for the furniture sector<\/a><\/h3>\t\t\t\t\t\t\t<\/div>\r\n\t\t\t\t\t\t\t\t\t\t\t\t\t<div class=\"wp-block-getwid-post-carousel__slide\">\r\n\t\t\t\t\t\t\t\t\r\n<div class=\"wp-block-getwid-template-post-featured-image\" >\r\n            <a href=\"https:\/\/furnicert.eu\/es\/upgrade-your-english-for-the-furniture-industry-with-furnicert\/\">\r\n        <img loading=\"lazy\" decoding=\"async\" width=\"900\" height=\"900\" src=\"https:\/\/furnicert.eu\/files\/MicrosoftTeams-image-1-900x900.png\" class=\"attachment-large size-large wp-post-image\" alt=\"Upgrade your English for the furniture industry with Furnicert!\" srcset=\"https:\/\/furnicert.eu\/files\/MicrosoftTeams-image-1-900x900.png 900w, https:\/\/furnicert.eu\/files\/MicrosoftTeams-image-1-450x450.png 450w, https:\/\/furnicert.eu\/files\/MicrosoftTeams-image-1-768x768.png 768w, https:\/\/furnicert.eu\/files\/MicrosoftTeams-image-1.png 1080w\" sizes=\"auto, (max-width: 900px) 100vw, 900px\" \/>            <\/a>\r\n    <\/div>\r\n\n\n\r\n<h3 class=\"wp-block-getwid-template-post-title\"><a class=\"wp-block-getwid-template-post-title__link\" href=\"https:\/\/furnicert.eu\/es\/upgrade-your-english-for-the-furniture-industry-with-furnicert\/\">Upgrade your English for the furniture industry with Furnicert!<\/a><\/h3>\t\t\t\t\t\t\t<\/div>\r\n\t\t\t\t\t\t            <\/div>\r\n        <\/div>\r\n        \n\n\n<div class=\"wp-block-getwid-advanced-spacer\" style=\"height:50px\" aria-hidden=\"true\"><\/div>\n\n\n\n<div class=\"wp-block-buttons is-content-justification-center is-layout-flex wp-container-core-buttons-is-layout-16018d1d wp-block-buttons-is-layout-flex\">\n<div class=\"wp-block-button min-w-100\"><a class=\"wp-block-button__link has-rojo-claro-background-color has-background wp-element-button\" href=\"https:\/\/furnicert.eu\/news\/\">Noticias<\/a><\/div>\n<\/div>\n\n\n\n<div class=\"wp-block-getwid-advanced-spacer\" style=\"height:50px\" aria-hidden=\"true\"><\/div>\n\n\n\n<div class=\"wp-block-getwid-advanced-spacer\" style=\"height:100px\" aria-hidden=\"true\"><\/div>\n\n\n\n<div class=\"wp-block-cover alignwide cabecera\"><span aria-hidden=\"true\" class=\"wp-block-cover__background has-accent-background-color has-background-dim-100 has-background-dim\"><\/span><div class=\"wp-block-cover__inner-container is-layout-flow wp-block-cover-is-layout-flow\">\n<div class=\"wp-block-group\"><div class=\"wp-block-group__inner-container is-layout-flow wp-block-group-is-layout-flow\">\n<h4 class=\"has-text-align-center has-base-3-color has-text-color has-x-large-font-size wp-block-heading\">Suscr\u00edbete a nuestro bolet\u00edn informativo.<\/h4>\n\n\n\n<div class=\"wp-block-group cf7-general\"><div class=\"wp-block-group__inner-container is-layout-flow wp-block-group-is-layout-flow\">\n<div class=\"wp-block-contact-form-7-contact-form-selector\"><div class=\"wpcf7 no-js\" id=\"wpcf7-f833-o1\" lang=\"es-ES\" dir=\"ltr\">\n<div class=\"screen-reader-response\"><p role=\"status\" aria-live=\"polite\" aria-atomic=\"true\"><\/p> <ul><\/ul><\/div>\n<form action=\"\/es\/wp-json\/wp\/v2\/pages\/821#wpcf7-f833-o1\" method=\"post\" class=\"wpcf7-form init\" aria-label=\"Formulario de contacto\" novalidate=\"novalidate\" data-status=\"init\">\n<div style=\"display: none;\">\n<input type=\"hidden\" name=\"_wpcf7\" value=\"833\" \/>\n<input type=\"hidden\" name=\"_wpcf7_version\" value=\"5.7.2\" \/>\n<input type=\"hidden\" name=\"_wpcf7_locale\" value=\"es_ES\" \/>\n<input type=\"hidden\" name=\"_wpcf7_unit_tag\" value=\"wpcf7-f833-o1\" \/>\n<input type=\"hidden\" name=\"_wpcf7_container_post\" value=\"0\" \/>\n<input type=\"hidden\" name=\"_wpcf7_posted_data_hash\" value=\"\" \/>\n<\/div>\n<div class=\"cf7-container\">\n\t<div class=\"cf7-box fields\">\n\t\t<p><span class=\"wpcf7-form-control-wrap\" data-name=\"Name\"><input size=\"40\" class=\"wpcf7-form-control wpcf7-text wpcf7-validates-as-required\" aria-required=\"true\" aria-invalid=\"false\" placeholder=\"Nombre\" value=\"\" type=\"text\" name=\"Name\" \/><\/span>\n\t\t<\/p>\n\t\t<p><span class=\"wpcf7-form-control-wrap Emails-wrap\" style=\"display: block;\"><input class=\"wpcf7-form-control wpcf7-text\" type=\"text\" name=\"Emails\" value=\"\" size=\"40\" class=\"wpcf7-form-control wpcf7-text wpcf7-validates-as-required\" aria-required=\"true\" aria-invalid=\"false\" placeholder=\"email\" autocomplete=\"nope\"><\/span>\n\t\t<\/p>\n\t\t<p><span class=\"wpcf7-form-control-wrap\" data-name=\"Email\"><input size=\"40\" class=\"wpcf7-form-control wpcf7-text wpcf7-email wpcf7-validates-as-required wpcf7-validates-as-email\" aria-required=\"true\" aria-invalid=\"false\" placeholder=\"email\" value=\"\" type=\"email\" name=\"Email\" \/><\/span><input type=\"hidden\" name=\"Url\" value=\"https:\/\/furnicert.eu\/es\/wp-json\/wp\/v2\/pages\/821\/\" \/>\n\t\t<\/p>\n\t\t<p><span class=\"wpcf7-form-control-wrap\" data-name=\"Country\"><input size=\"40\" class=\"wpcf7-form-control wpcf7-text wpcf7-validates-as-required\" aria-required=\"true\" aria-invalid=\"false\" placeholder=\"Pa\u00eds\" value=\"\" type=\"text\" name=\"Country\" \/><\/span>\n\t\t<\/p>\n\t<\/div>\n\t<div class=\"cf7-container left\">\n\t\t<div>\n\t\t\t<p><span class=\"wpcf7-form-control-wrap\" data-name=\"GDPR\"><span class=\"wpcf7-form-control wpcf7-acceptance\"><span class=\"wpcf7-list-item\"><label><input type=\"checkbox\" name=\"GDPR\" value=\"1\" id=\"gdpr-1\" aria-invalid=\"false\" \/><span class=\"wpcf7-list-item-label\">Valoramos tu privacidad Acepto los <a href=\"\/privacy-policy\/\" target=\"_blank\">t\u00e9rminos y condiciones de uso<\/a><\/span><\/label><\/span><\/span><\/span>\n\t\t\t<\/p>\n\t\t<\/div>\n\t\t<p><input class=\"wpcf7-form-control has-spinner wpcf7-submit\" type=\"submit\" value=\"suscr\u00edbete\" \/>\n\t\t<\/p>\n\t<\/div>\n<\/div><div class=\"wpcf7-response-output\" aria-hidden=\"true\"><\/div><\/form><\/div><\/div>\n<\/div><\/div>\n<\/div><\/div>\n<\/div><\/div>\n","protected":false},"excerpt":{"rendered":"<p>\u00bfPor qu\u00e9 FURNICERT? Esta iniciativa Erasmus+ contribuir\u00e1 al perfeccionamiento y al reciclaje profesional tanto de directores y de trabajadores del sector del mueble como de profesores de lenguas. Adem\u00e1s, aumentar\u00e1 las oportunidades de aprendizaje y la movilidad laboral. Los socios realizaron una investigaci\u00f3n en Polonia, Espa\u00f1a, Irlanda y Grecia. Los participantes \u2014clientes, profesores de lenguas, &#8230; <a title=\"FURNICERT\" class=\"read-more\" href=\"https:\/\/furnicert.eu\/es\/furnicert\/\" aria-label=\"M\u00e1s en FURNICERT\">Leer m\u00e1s<\/a><\/p>\n","protected":false},"author":2,"featured_media":0,"parent":0,"menu_order":0,"comment_status":"closed","ping_status":"closed","template":"","meta":{"inline_featured_image":false,"_mi_skip_tracking":false,"footnotes":""},"class_list":["post-821","page","type-page","status-publish"],"aioseo_notices":[],"_links":{"self":[{"href":"https:\/\/furnicert.eu\/es\/wp-json\/wp\/v2\/pages\/821","targetHints":{"allow":["GET"]}}],"collection":[{"href":"https:\/\/furnicert.eu\/es\/wp-json\/wp\/v2\/pages"}],"about":[{"href":"https:\/\/furnicert.eu\/es\/wp-json\/wp\/v2\/types\/page"}],"author":[{"embeddable":true,"href":"https:\/\/furnicert.eu\/es\/wp-json\/wp\/v2\/users\/2"}],"replies":[{"embeddable":true,"href":"https:\/\/furnicert.eu\/es\/wp-json\/wp\/v2\/comments?post=821"}],"version-history":[{"count":3,"href":"https:\/\/furnicert.eu\/es\/wp-json\/wp\/v2\/pages\/821\/revisions"}],"predecessor-version":[{"id":847,"href":"https:\/\/furnicert.eu\/es\/wp-json\/wp\/v2\/pages\/821\/revisions\/847"}],"wp:attachment":[{"href":"https:\/\/furnicert.eu\/es\/wp-json\/wp\/v2\/media?parent=821"}],"curies":[{"name":"wp","href":"https:\/\/api.w.org\/{rel}","templated":true}]}}