{"id":823,"date":"2022-09-27T17:24:09","date_gmt":"2022-09-27T15:24:09","guid":{"rendered":"https:\/\/furnicert.eu\/resultados-del-proyecto\/"},"modified":"2023-01-20T16:47:09","modified_gmt":"2023-01-20T15:47:09","slug":"resultados-del-proyecto","status":"publish","type":"page","link":"https:\/\/furnicert.eu\/es\/resultados-del-proyecto\/","title":{"rendered":"Resultados del proyecto"},"content":{"rendered":"\n<h1 class=\"has-text-align-right banda-abajo wp-block-heading\">Resultados del proyecto<\/h1>\n\n<p class=\"m-w-700\" style=\"font-size:30px\">En el marco del proyecto FURNICERT, se desarrollar\u00e1n cuatros resultados:<\/p>\n\n<div class=\"wp-block-group max-w-1100 align-center\"><div class=\"wp-block-group__inner-container is-layout-flow wp-block-group-is-layout-flow\">\n<div class=\"wp-block-columns is-layout-flex wp-container-core-columns-is-layout-9d6595d7 wp-block-columns-is-layout-flex\">\n<div class=\"wp-block-column is-layout-flow wp-block-column-is-layout-flow\">\n<div class=\"wp-block-columns columnas-iconos is-layout-flex wp-container-core-columns-is-layout-9d6595d7 wp-block-columns-is-layout-flex\">\n<div class=\"wp-block-column is-layout-flow wp-block-column-is-layout-flow\" style=\"flex-basis:120px\">\n<figure class=\"wp-block-image size-large is-resized\"><img loading=\"lazy\" decoding=\"async\" src=\"http:\/\/furnicert.eu\/files\/course_vectorial.svg\" alt=\"\" class=\"wp-image-198\" width=\"120\" height=\"120\"\/><\/figure>\n<\/div>\n\n\n\n<div class=\"wp-block-column is-vertically-aligned-center is-layout-flow wp-block-column-is-layout-flow\">\n<h2 class=\"has-rojo-color has-text-color has-medium-font-size wp-block-heading\"><strong>Curso de idioma en el sector del mueble<\/strong><\/h2>\n<\/div>\n<\/div>\n\n\n\n<p>El objetivo de este resultado es desarrollar un curso de ingl\u00e9s de nivel B1\/B2 con contenido relacionado con el sector del mueble, basado en la metolodog\u00eda CLIL y usando conocimientos de la industra.<\/p>\n\n\n\n<p>Con este nivel, una persona puede comunicarse en entornos empresariales sin cometer errores graves.<\/p>\n<\/div>\n\n\n\n<div class=\"wp-block-column is-layout-flow wp-block-column-is-layout-flow\">\n<div class=\"wp-block-columns columnas-iconos is-layout-flex wp-container-core-columns-is-layout-9d6595d7 wp-block-columns-is-layout-flex\">\n<div class=\"wp-block-column is-layout-flow wp-block-column-is-layout-flow\" style=\"flex-basis:120px\">\n<figure class=\"wp-block-image size-large is-resized\"><img loading=\"lazy\" decoding=\"async\" src=\"http:\/\/furnicert.eu\/files\/platform_vectorial.svg\" alt=\"\" class=\"wp-image-199\" width=\"120\" height=\"120\"\/><\/figure>\n<\/div>\n\n\n\n<div class=\"wp-block-column is-vertically-aligned-center is-layout-flow wp-block-column-is-layout-flow\">\n<h2 class=\"has-rojo-color has-text-color has-medium-font-size wp-block-heading\"><strong>Plataforma de aprendizaje online<\/strong><\/h2>\n<\/div>\n<\/div>\n\n\n\n<p>Con este resultado, se pretende crear una plataforma de aprendizaje virtual hecha a medida para el proyecto que sirva de apoyo a la ense\u00f1anza y al aprendizaje virtuales. La plataforma dispondr\u00e1 de un curso en l\u00ednea y de contenido gamificado para favorecer el compromiso de los estudiantes.<\/p>\n<\/div>\n<\/div>\n\n\n\n<div class=\"wp-block-columns is-layout-flex wp-container-core-columns-is-layout-9d6595d7 wp-block-columns-is-layout-flex\">\n<div class=\"wp-block-column is-layout-flow wp-block-column-is-layout-flow\">\n<div class=\"wp-block-columns columnas-iconos is-layout-flex wp-container-core-columns-is-layout-9d6595d7 wp-block-columns-is-layout-flex\">\n<div class=\"wp-block-column is-layout-flow wp-block-column-is-layout-flow\" style=\"flex-basis:120px\">\n<figure class=\"wp-block-image size-large is-resized\"><img loading=\"lazy\" decoding=\"async\" src=\"http:\/\/furnicert.eu\/files\/certification_vectorial.svg\" alt=\"\" class=\"wp-image-200\" width=\"120\" height=\"188\"\/><\/figure>\n<\/div>\n\n\n\n<div class=\"wp-block-column is-vertically-aligned-center is-layout-flow wp-block-column-is-layout-flow\">\n<h2 class=\"has-rojo-color has-text-color has-medium-font-size wp-block-heading\"><strong>Certificaci\u00f3n oficial<\/strong><\/h2>\n<\/div>\n<\/div>\n\n\n\n<p>Este resultado est\u00e1 relacionado con la certificaci\u00f3n oficial para los trabajadores del sector del mueble que ofrece UNICERT S.A. \u2013 un organismo certificador acreditado\u2013 . Dicho organismo desarrollar\u00e1 un marco para la certificaci\u00f3n que resuma los conocimientos, las competencias y las habilidades que los profesionales del sector del mueble adquieran y, adem\u00e1s, se encargar\u00e1 de todo el proceso de certificaci\u00f3n.<\/p>\n<\/div>\n\n\n\n<div class=\"wp-block-column is-layout-flow wp-block-column-is-layout-flow\">\n<div class=\"wp-block-columns columnas-iconos is-layout-flex wp-container-core-columns-is-layout-9d6595d7 wp-block-columns-is-layout-flex\">\n<div class=\"wp-block-column is-layout-flow wp-block-column-is-layout-flow\" style=\"flex-basis:120px\">\n<figure class=\"wp-block-image size-large is-resized\"><img loading=\"lazy\" decoding=\"async\" src=\"http:\/\/furnicert.eu\/files\/workshops_vectorial.svg\" alt=\"\" class=\"wp-image-201\" width=\"120\" height=\"120\"\/><\/figure>\n<\/div>\n\n\n\n<div class=\"wp-block-column is-vertically-aligned-center is-layout-flow wp-block-column-is-layout-flow\">\n<h2 class=\"has-rojo-color has-text-color has-medium-font-size wp-block-heading\"><strong>Talleres de creatividad<\/strong><\/h2>\n<\/div>\n<\/div>\n\n\n\n<p>Cada socio realizar\u00e1 dos talleres: uno para profesores (5-7 profesores en cada pa\u00eds socio) y otro para el personal del sector del mueble (contenido ling\u00fc\u00edstico).<\/p>\n<\/div>\n<\/div>\n\n\n\n<div class=\"wp-block-getwid-advanced-spacer getwid-hide-desktop getwid-hide-tablet\" style=\"height:30px\" aria-hidden=\"true\"><\/div>\n\n\n\n<div class=\"wp-block-getwid-advanced-spacer getwid-hide-mobile\" style=\"height:100px\" aria-hidden=\"true\"><\/div>\n<\/div><\/div>\n\r\n        <div class=\"wp-block-getwid-post-carousel custom-post-type-post has-slides-gap-large is-carousel has-arrows-none has-dots-none\">\r\n            <div data-slider-option=\"{&quot;sliderSlidesToShowDesktop&quot;:&quot;3&quot;,&quot;getwid_slidesToShowLaptop&quot;:&quot;1&quot;,&quot;getwid_slidesToShowTablet&quot;:&quot;2&quot;,&quot;getwid_slidesToShowMobile&quot;:&quot;1&quot;,&quot;getwid_autoplay_speed&quot;:6000,&quot;getwid_animation_speed&quot;:800,&quot;getwid_slidesToScroll&quot;:&quot;1&quot;,&quot;getwid_autoplay&quot;:true,&quot;getwid_infinite&quot;:true,&quot;getwid_center_mode&quot;:false,&quot;getwid_arrows&quot;:&quot;none&quot;,&quot;getwid_dots&quot;:&quot;none&quot;}\" class=\"wp-block-getwid-post-carousel__wrapper\">\r\n                \t\t\t\t\t\t\t<div class=\"wp-block-getwid-post-carousel__slide\">\r\n\t\t\t\t\t\t\t\t\r\n<div class=\"wp-block-getwid-template-post-featured-image\" >\r\n            <a href=\"https:\/\/furnicert.eu\/es\/furnicert-says-goodbye-in-athens\/\">\r\n        <img loading=\"lazy\" decoding=\"async\" width=\"1200\" height=\"900\" src=\"https:\/\/furnicert.eu\/files\/WhatsApp-Image-2024-06-07-at-21.36.46-1200x900.jpeg\" class=\"attachment-large size-large wp-post-image\" alt=\"FURNICERT says goodbye in Athens\" srcset=\"https:\/\/furnicert.eu\/files\/WhatsApp-Image-2024-06-07-at-21.36.46-1200x900.jpeg 1200w, https:\/\/furnicert.eu\/files\/WhatsApp-Image-2024-06-07-at-21.36.46-600x450.jpeg 600w, https:\/\/furnicert.eu\/files\/WhatsApp-Image-2024-06-07-at-21.36.46-100x75.jpeg 100w, https:\/\/furnicert.eu\/files\/WhatsApp-Image-2024-06-07-at-21.36.46-768x576.jpeg 768w, https:\/\/furnicert.eu\/files\/WhatsApp-Image-2024-06-07-at-21.36.46.jpeg 1280w\" sizes=\"auto, (max-width: 1200px) 100vw, 1200px\" \/>            <\/a>\r\n    <\/div>\r\n\n\n\r\n<h3 class=\"wp-block-getwid-template-post-title\"><a class=\"wp-block-getwid-template-post-title__link\" href=\"https:\/\/furnicert.eu\/es\/furnicert-says-goodbye-in-athens\/\">FURNICERT says goodbye in Athens<\/a><\/h3>\t\t\t\t\t\t\t<\/div>\r\n\t\t\t\t\t\t\t\t\t\t\t\t\t<div class=\"wp-block-getwid-post-carousel__slide\">\r\n\t\t\t\t\t\t\t\t\r\n<div class=\"wp-block-getwid-template-post-featured-image\" >\r\n            <a href=\"https:\/\/furnicert.eu\/es\/cetem-promotes-innovation-and-language-learning-in-the-furniture-sector\/\">\r\n        <img loading=\"lazy\" decoding=\"async\" width=\"1200\" height=\"900\" src=\"https:\/\/furnicert.eu\/files\/IMG_1620-1200x900.jpg\" class=\"attachment-large size-large wp-post-image\" alt=\"CETEM promotes innovation and language learning in the furniture sector\" srcset=\"https:\/\/furnicert.eu\/files\/IMG_1620-1200x900.jpg 1200w, https:\/\/furnicert.eu\/files\/IMG_1620-600x450.jpg 600w, https:\/\/furnicert.eu\/files\/IMG_1620-100x75.jpg 100w, https:\/\/furnicert.eu\/files\/IMG_1620-768x576.jpg 768w, https:\/\/furnicert.eu\/files\/IMG_1620-1536x1152.jpg 1536w, https:\/\/furnicert.eu\/files\/IMG_1620-2048x1536.jpg 2048w\" sizes=\"auto, (max-width: 1200px) 100vw, 1200px\" \/>            <\/a>\r\n    <\/div>\r\n\n\n\r\n<h3 class=\"wp-block-getwid-template-post-title\"><a class=\"wp-block-getwid-template-post-title__link\" href=\"https:\/\/furnicert.eu\/es\/cetem-promotes-innovation-and-language-learning-in-the-furniture-sector\/\">CETEM promotes innovation and language learning in the furniture sector<\/a><\/h3>\t\t\t\t\t\t\t<\/div>\r\n\t\t\t\t\t\t\t\t\t\t\t\t\t<div class=\"wp-block-getwid-post-carousel__slide\">\r\n\t\t\t\t\t\t\t\t\r\n<div class=\"wp-block-getwid-template-post-featured-image\" >\r\n            <a href=\"https:\/\/furnicert.eu\/es\/language-course-and-certification-for-the-furniture-industry\/\">\r\n        <img loading=\"lazy\" decoding=\"async\" width=\"800\" height=\"773\" src=\"https:\/\/furnicert.eu\/files\/Platform2.jpg\" class=\"attachment-large size-large wp-post-image\" alt=\"Language Course and Certification for the Furniture Industry\" srcset=\"https:\/\/furnicert.eu\/files\/Platform2.jpg 800w, https:\/\/furnicert.eu\/files\/Platform2-466x450.jpg 466w, https:\/\/furnicert.eu\/files\/Platform2-768x742.jpg 768w\" sizes=\"auto, (max-width: 800px) 100vw, 800px\" \/>            <\/a>\r\n    <\/div>\r\n\n\n\r\n<h3 class=\"wp-block-getwid-template-post-title\"><a class=\"wp-block-getwid-template-post-title__link\" href=\"https:\/\/furnicert.eu\/es\/language-course-and-certification-for-the-furniture-industry\/\">Language Course and Certification for the Furniture Industry<\/a><\/h3>\t\t\t\t\t\t\t<\/div>\r\n\t\t\t\t\t\t\t\t\t\t\t\t\t<div class=\"wp-block-getwid-post-carousel__slide\">\r\n\t\t\t\t\t\t\t\t\r\n<div class=\"wp-block-getwid-template-post-featured-image\" >\r\n            <a href=\"https:\/\/furnicert.eu\/es\/furnicert-certifies-your-furniture-and-english-skills\/\">\r\n        <img loading=\"lazy\" decoding=\"async\" width=\"900\" height=\"900\" src=\"https:\/\/furnicert.eu\/files\/3945412-900x900.jpg\" class=\"attachment-large size-large wp-post-image\" alt=\"FURNICERT certifies your furniture and English skills\" srcset=\"https:\/\/furnicert.eu\/files\/3945412-900x900.jpg 900w, https:\/\/furnicert.eu\/files\/3945412-450x450.jpg 450w, https:\/\/furnicert.eu\/files\/3945412-768x768.jpg 768w, https:\/\/furnicert.eu\/files\/3945412-1536x1536.jpg 1536w, https:\/\/furnicert.eu\/files\/3945412.jpg 2000w\" sizes=\"auto, (max-width: 900px) 100vw, 900px\" \/>            <\/a>\r\n    <\/div>\r\n\n\n\r\n<h3 class=\"wp-block-getwid-template-post-title\"><a class=\"wp-block-getwid-template-post-title__link\" href=\"https:\/\/furnicert.eu\/es\/furnicert-certifies-your-furniture-and-english-skills\/\">FURNICERT certifies your furniture and English skills<\/a><\/h3>\t\t\t\t\t\t\t<\/div>\r\n\t\t\t\t\t\t\t\t\t\t\t\t\t<div class=\"wp-block-getwid-post-carousel__slide\">\r\n\t\t\t\t\t\t\t\t\r\n<div class=\"wp-block-getwid-template-post-featured-image\" >\r\n            <a href=\"https:\/\/furnicert.eu\/es\/project-result-4-in-a-nutshell-innovating-language-learning-for-the-furniture-sector\/\">\r\n        <img loading=\"lazy\" decoding=\"async\" width=\"1200\" height=\"800\" src=\"https:\/\/furnicert.eu\/files\/graphic-designers-meeting-1200x800.jpg\" class=\"attachment-large size-large wp-post-image\" alt=\"Project Result 4 in a nutshell: innovating language learning for the furniture sector\" srcset=\"https:\/\/furnicert.eu\/files\/graphic-designers-meeting-1200x800.jpg 1200w, https:\/\/furnicert.eu\/files\/graphic-designers-meeting-600x400.jpg 600w, https:\/\/furnicert.eu\/files\/graphic-designers-meeting-768x512.jpg 768w, https:\/\/furnicert.eu\/files\/graphic-designers-meeting-1536x1024.jpg 1536w, https:\/\/furnicert.eu\/files\/graphic-designers-meeting-2048x1365.jpg 2048w\" sizes=\"auto, (max-width: 1200px) 100vw, 1200px\" \/>            <\/a>\r\n    <\/div>\r\n\n\n\r\n<h3 class=\"wp-block-getwid-template-post-title\"><a class=\"wp-block-getwid-template-post-title__link\" href=\"https:\/\/furnicert.eu\/es\/project-result-4-in-a-nutshell-innovating-language-learning-for-the-furniture-sector\/\">Project Result 4 in a nutshell: innovating language learning for the furniture sector<\/a><\/h3>\t\t\t\t\t\t\t<\/div>\r\n\t\t\t\t\t\t\t\t\t\t\t\t\t<div class=\"wp-block-getwid-post-carousel__slide\">\r\n\t\t\t\t\t\t\t\t\r\n<div class=\"wp-block-getwid-template-post-featured-image\" >\r\n            <a href=\"https:\/\/furnicert.eu\/es\/upgrade-your-english-for-the-furniture-industry-with-furnicert\/\">\r\n        <img loading=\"lazy\" decoding=\"async\" width=\"900\" height=\"900\" src=\"https:\/\/furnicert.eu\/files\/MicrosoftTeams-image-1-900x900.png\" class=\"attachment-large size-large wp-post-image\" alt=\"Upgrade your English for the furniture industry with Furnicert!\" srcset=\"https:\/\/furnicert.eu\/files\/MicrosoftTeams-image-1-900x900.png 900w, https:\/\/furnicert.eu\/files\/MicrosoftTeams-image-1-450x450.png 450w, https:\/\/furnicert.eu\/files\/MicrosoftTeams-image-1-768x768.png 768w, https:\/\/furnicert.eu\/files\/MicrosoftTeams-image-1.png 1080w\" sizes=\"auto, (max-width: 900px) 100vw, 900px\" \/>            <\/a>\r\n    <\/div>\r\n\n\n\r\n<h3 class=\"wp-block-getwid-template-post-title\"><a class=\"wp-block-getwid-template-post-title__link\" href=\"https:\/\/furnicert.eu\/es\/upgrade-your-english-for-the-furniture-industry-with-furnicert\/\">Upgrade your English for the furniture industry with Furnicert!<\/a><\/h3>\t\t\t\t\t\t\t<\/div>\r\n\t\t\t\t\t\t            <\/div>\r\n        <\/div>\r\n        \n<div class=\"wp-block-getwid-advanced-spacer\" style=\"height:50px\" aria-hidden=\"true\"><\/div>\n\n<div class=\"wp-block-buttons is-content-justification-center is-layout-flex wp-container-core-buttons-is-layout-16018d1d wp-block-buttons-is-layout-flex\">\n<div class=\"wp-block-button min-w-100\"><a class=\"wp-block-button__link has-rojo-claro-background-color has-background wp-element-button\" href=\"https:\/\/furnicert.eu\/news\/\">Noticias<\/a><\/div>\n<\/div>\n\n<div class=\"wp-block-getwid-advanced-spacer\" style=\"height:50px\" aria-hidden=\"true\"><\/div>\n\n<div class=\"wp-block-getwid-advanced-spacer\" style=\"height:100px\" aria-hidden=\"true\"><\/div>\n\n<div class=\"wp-block-cover alignwide cabecera\"><span aria-hidden=\"true\" class=\"wp-block-cover__background has-accent-background-color has-background-dim-100 has-background-dim\"><\/span><div class=\"wp-block-cover__inner-container is-layout-flow wp-block-cover-is-layout-flow\">\n<div class=\"wp-block-group\"><div class=\"wp-block-group__inner-container is-layout-flow wp-block-group-is-layout-flow\">\n<h4 class=\"has-text-align-center has-base-3-color has-text-color has-x-large-font-size wp-block-heading\">Suscr\u00edbete a nuestro bolet\u00edn informativo.<\/h4>\n\n\n\n<div class=\"wp-block-group cf7-general\"><div class=\"wp-block-group__inner-container is-layout-flow wp-block-group-is-layout-flow\">\n<div class=\"wp-block-contact-form-7-contact-form-selector\"><div class=\"wpcf7 no-js\" id=\"wpcf7-f833-o1\" lang=\"es-ES\" dir=\"ltr\">\n<div class=\"screen-reader-response\"><p role=\"status\" aria-live=\"polite\" aria-atomic=\"true\"><\/p> <ul><\/ul><\/div>\n<form action=\"\/es\/wp-json\/wp\/v2\/pages\/823#wpcf7-f833-o1\" method=\"post\" class=\"wpcf7-form init\" aria-label=\"Formulario de contacto\" novalidate=\"novalidate\" data-status=\"init\">\n<div style=\"display: none;\">\n<input type=\"hidden\" name=\"_wpcf7\" value=\"833\" \/>\n<input type=\"hidden\" name=\"_wpcf7_version\" value=\"5.7.2\" \/>\n<input type=\"hidden\" name=\"_wpcf7_locale\" value=\"es_ES\" \/>\n<input type=\"hidden\" name=\"_wpcf7_unit_tag\" value=\"wpcf7-f833-o1\" \/>\n<input type=\"hidden\" name=\"_wpcf7_container_post\" value=\"0\" \/>\n<input type=\"hidden\" name=\"_wpcf7_posted_data_hash\" value=\"\" \/>\n<\/div>\n<div class=\"cf7-container\">\n\t<div class=\"cf7-box fields\">\n\t\t<p><span class=\"wpcf7-form-control-wrap\" data-name=\"Name\"><input size=\"40\" class=\"wpcf7-form-control wpcf7-text wpcf7-validates-as-required\" aria-required=\"true\" aria-invalid=\"false\" placeholder=\"Nombre\" value=\"\" type=\"text\" name=\"Name\" \/><\/span>\n\t\t<\/p>\n\t\t<p><span class=\"wpcf7-form-control-wrap Emails-wrap\" style=\"display: block;\"><input class=\"wpcf7-form-control wpcf7-text\" type=\"text\" name=\"Emails\" value=\"\" size=\"40\" class=\"wpcf7-form-control wpcf7-text wpcf7-validates-as-required\" aria-required=\"true\" aria-invalid=\"false\" placeholder=\"email\" autocomplete=\"nope\"><\/span>\n\t\t<\/p>\n\t\t<p><span class=\"wpcf7-form-control-wrap\" data-name=\"Email\"><input size=\"40\" class=\"wpcf7-form-control wpcf7-text wpcf7-email wpcf7-validates-as-required wpcf7-validates-as-email\" aria-required=\"true\" aria-invalid=\"false\" placeholder=\"email\" value=\"\" type=\"email\" name=\"Email\" \/><\/span><input type=\"hidden\" name=\"Url\" value=\"https:\/\/furnicert.eu\/es\/wp-json\/wp\/v2\/pages\/823\/\" \/>\n\t\t<\/p>\n\t\t<p><span class=\"wpcf7-form-control-wrap\" data-name=\"Country\"><input size=\"40\" class=\"wpcf7-form-control wpcf7-text wpcf7-validates-as-required\" aria-required=\"true\" aria-invalid=\"false\" placeholder=\"Pa\u00eds\" value=\"\" type=\"text\" name=\"Country\" \/><\/span>\n\t\t<\/p>\n\t<\/div>\n\t<div class=\"cf7-container left\">\n\t\t<div>\n\t\t\t<p><span class=\"wpcf7-form-control-wrap\" data-name=\"GDPR\"><span class=\"wpcf7-form-control wpcf7-acceptance\"><span class=\"wpcf7-list-item\"><label><input type=\"checkbox\" name=\"GDPR\" value=\"1\" id=\"gdpr-1\" aria-invalid=\"false\" \/><span class=\"wpcf7-list-item-label\">Valoramos tu privacidad Acepto los <a href=\"\/privacy-policy\/\" target=\"_blank\">t\u00e9rminos y condiciones de uso<\/a><\/span><\/label><\/span><\/span><\/span>\n\t\t\t<\/p>\n\t\t<\/div>\n\t\t<p><input class=\"wpcf7-form-control has-spinner wpcf7-submit\" type=\"submit\" value=\"suscr\u00edbete\" \/>\n\t\t<\/p>\n\t<\/div>\n<\/div><div class=\"wpcf7-response-output\" aria-hidden=\"true\"><\/div><\/form><\/div><\/div>\n<\/div><\/div>\n<\/div><\/div>\n<\/div><\/div>\n","protected":false},"excerpt":{"rendered":"<p>Resultados del proyecto En el marco del proyecto FURNICERT, se desarrollar\u00e1n cuatros resultados: Curso de idioma en el sector del mueble El objetivo de este resultado es desarrollar un curso de ingl\u00e9s de nivel B1\/B2 con contenido relacionado con el sector del mueble, basado en la metolodog\u00eda CLIL y usando conocimientos de la industra. Con &#8230; <a title=\"Resultados del proyecto\" class=\"read-more\" href=\"https:\/\/furnicert.eu\/es\/resultados-del-proyecto\/\" aria-label=\"M\u00e1s en Resultados del proyecto\">Leer m\u00e1s<\/a><\/p>\n","protected":false},"author":2,"featured_media":0,"parent":0,"menu_order":0,"comment_status":"closed","ping_status":"closed","template":"","meta":{"inline_featured_image":false,"_mi_skip_tracking":false,"footnotes":""},"class_list":["post-823","page","type-page","status-publish"],"aioseo_notices":[],"_links":{"self":[{"href":"https:\/\/furnicert.eu\/es\/wp-json\/wp\/v2\/pages\/823","targetHints":{"allow":["GET"]}}],"collection":[{"href":"https:\/\/furnicert.eu\/es\/wp-json\/wp\/v2\/pages"}],"about":[{"href":"https:\/\/furnicert.eu\/es\/wp-json\/wp\/v2\/types\/page"}],"author":[{"embeddable":true,"href":"https:\/\/furnicert.eu\/es\/wp-json\/wp\/v2\/users\/2"}],"replies":[{"embeddable":true,"href":"https:\/\/furnicert.eu\/es\/wp-json\/wp\/v2\/comments?post=823"}],"version-history":[{"count":3,"href":"https:\/\/furnicert.eu\/es\/wp-json\/wp\/v2\/pages\/823\/revisions"}],"predecessor-version":[{"id":826,"href":"https:\/\/furnicert.eu\/es\/wp-json\/wp\/v2\/pages\/823\/revisions\/826"}],"wp:attachment":[{"href":"https:\/\/furnicert.eu\/es\/wp-json\/wp\/v2\/media?parent=823"}],"curies":[{"name":"wp","href":"https:\/\/api.w.org\/{rel}","templated":true}]}}