{"id":827,"date":"2022-09-27T18:42:09","date_gmt":"2022-09-27T16:42:09","guid":{"rendered":"https:\/\/furnicert.eu\/socios\/"},"modified":"2023-02-07T16:04:26","modified_gmt":"2023-02-07T15:04:26","slug":"socios","status":"publish","type":"page","link":"https:\/\/furnicert.eu\/es\/socios\/","title":{"rendered":"Socios"},"content":{"rendered":"\n<h1 class=\"has-text-align-right banda-abajo wp-block-heading\">Socios<\/h1>\n\n\n\n<p class=\"m-w-700\" style=\"font-size:30px\">FURNICERT est\u00e1 formado por el coordinador Globalnet (Polonia), CETEM (Espa\u00f1a), FURNITRUE (Polonia), UNICERT (Grecia) y EUROSPEAK (Irlanda).<\/p>\n\n\n\n<div class=\"wp-block-group max-w-1100 align-center\"><div class=\"wp-block-group__inner-container is-layout-flow wp-block-group-is-layout-flow\">\n<div class=\"wp-block-columns is-layout-flex wp-container-core-columns-is-layout-9d6595d7 wp-block-columns-is-layout-flex\">\n<div class=\"wp-block-column is-layout-flow wp-block-column-is-layout-flow\">\n<figure class=\"wp-block-image size-full is-resized\"><a href=\"https:\/\/globalnet.com.pl\" target=\"_blank\" rel=\"noreferrer noopener\"><img loading=\"lazy\" decoding=\"async\" src=\"http:\/\/furnicert.eu\/files\/logo-globalnet.png\" alt=\"\" class=\"wp-image-263\" width=\"204\" height=\"98\"\/><\/a><\/figure>\n\n\n\n<div class=\"wp-block-getwid-advanced-spacer\" style=\"height:16px\" aria-hidden=\"true\"><\/div>\n\n\n\n<p>Globalnet S.L. es una instituci\u00f3n educativa que pertenece al sistema educativo informal de Polonia y se dedica principalmente a la educaci\u00f3n de adultos. Est\u00e1 especializada en el dise\u00f1o, desarrollo y aplicaci\u00f3n de productos de aprendizaje virtual y software, y ofrece soluciones de aprendizaje, formaci\u00f3n y servicios a los sectores empresarial y educativo. Adem\u00e1s, se dedica al dise\u00f1o de material educativo de alta calidad y al desarrollo de nuevos medios, y proporciona material para programas y cursos, as\u00ed como productos para la educaci\u00f3n a distancia y para el mercado del aprendizaje virtual.<\/p>\n\n\n\n<p><a href=\"https:\/\/globalnet.com.pl\" target=\"_blank\" rel=\"noreferrer noopener\">globalnet.com<\/a><\/p>\n<\/div>\n\n\n\n<div class=\"wp-block-column is-layout-flow wp-block-column-is-layout-flow\">\n<figure class=\"wp-block-image size-full is-resized\"><a href=\"https:\/\/cetem.es\" target=\"_blank\" rel=\"noreferrer noopener\"><img loading=\"lazy\" decoding=\"async\" src=\"http:\/\/furnicert.eu\/files\/logo-cetem.png\" alt=\"\" class=\"wp-image-264\" width=\"204\" height=\"98\"\/><\/a><\/figure>\n\n\n\n<div class=\"wp-block-getwid-advanced-spacer\" style=\"height:16px\" aria-hidden=\"true\"><\/div>\n\n\n\n<p>El Centro Tecnol\u00f3gico del Mueble y la Madera de la Regi\u00f3n de Murcia (CETEM) es una asociaci\u00f3n privada sin \u00e1nimo de lucro asentada en el municipio de Yecla, donde se concentra uno de los cl\u00fasteres del mueble m\u00e1s importante de Espa\u00f1a. CETEM tiene como principal objetivo desarrollar e incentivar la mejora continua y la transferencia innovadora en empresas, en su mayor\u00eda pymes, participando activamente en su desarrollo socioecon\u00f3mico mediante servicios, actividades de I+D+i, y formaci\u00f3n a medida para la industria y la sociedad.<\/p>\n\n\n\n<p><a href=\"https:\/\/cetem.es\" target=\"_blank\" rel=\"noreferrer noopener\">cetem.es<\/a><\/p>\n<\/div>\n\n\n\n<div class=\"wp-block-column is-layout-flow wp-block-column-is-layout-flow\">\n<figure class=\"wp-block-image size-full is-resized\"><img loading=\"lazy\" decoding=\"async\" src=\"http:\/\/furnicert.eu\/files\/logo-fournitrue-2.png\" alt=\"\" class=\"wp-image-625\" width=\"204\" height=\"98\"\/><\/figure>\n\n\n\n<div class=\"wp-block-getwid-advanced-spacer\" style=\"height:16px\" aria-hidden=\"true\"><\/div>\n\n\n\n<p>Las actividades centrales de Furnitrue sp. z o. o. est\u00e1n relacionadas con la industria del mueble y tambi\u00e9n pertenece al sistema educativo informal de Polonia. Ofrece servicios relacionados con el desarrollo de productos y s\u00f3lidos conocimientos de ingenier\u00eda, as\u00ed como habilidades interpersonales relacionadas con conceptos del dise\u00f1o y con el flujo de trabajo. Se dedica al reciclaje profesional o formaci\u00f3n adicional de empleados del sector del mueble. Adem\u00e1s, ofrece talleres y formaci\u00f3n para estudiantes de primaria, de secundaria y universitarios.<\/p>\n\n\n\n<p><a href=\"https:\/\/furnitrue.pl\" target=\"_blank\" rel=\"noreferrer noopener\">furnitrue.pl<\/a><\/p>\n<\/div>\n<\/div>\n\n\n\n<div class=\"wp-block-columns is-layout-flex wp-container-core-columns-is-layout-9d6595d7 wp-block-columns-is-layout-flex\">\n<div class=\"wp-block-column is-layout-flow wp-block-column-is-layout-flow\">\n<figure class=\"wp-block-image size-full is-resized\"><a href=\"https:\/\/unicert.gr\" target=\"_blank\" rel=\"noreferrer noopener\"><img loading=\"lazy\" decoding=\"async\" src=\"http:\/\/furnicert.eu\/files\/logo-unicert.png\" alt=\"\" class=\"wp-image-265\" width=\"203\" height=\"98\"\/><\/a><\/figure>\n\n\n\n<div class=\"wp-block-getwid-advanced-spacer\" style=\"height:16px\" aria-hidden=\"true\"><\/div>\n\n\n\n<p>UNICERT S.A. es un organismo certificador para personas, autorizado por la Organizaci\u00f3n Nacional de Certificaci\u00f3n de Cualificaciones y Orientaci\u00f3n Profesional (EOPPEP), una autoridad nacional que opera bajo la supervisi\u00f3n del Ministerio de Educaci\u00f3n y Asuntos Religiosos, Cultura y Deportes, que certifica a personas en el campo de la inform\u00e1tica. UNICERT S.A. est\u00e1 autorizado por la norma ISO 9001:2015 y acreditado por ISO\/IEC 17024:2012 para la certificaci\u00f3n de personas (en 136 planes) por E.SY.D. (Sistema de Acreditaci\u00f3n Hel\u00e9nico). Su objetivo es cumplir con las necesidades de certificaci\u00f3n de cualquier parte interesada y, adem\u00e1s, est\u00e1 comprometido con ofrecer servicios de calidad y soluciones flexibles.<\/p>\n\n\n\n<p><a href=\"https:\/\/unicert.gr\" target=\"_blank\" rel=\"noreferrer noopener\">unicert.gr<\/a><\/p>\n<\/div>\n\n\n\n<div class=\"wp-block-column is-layout-flow wp-block-column-is-layout-flow\">\n<figure class=\"wp-block-image size-full is-resized\"><a href=\"http:\/\/eurospeak-ireland.com\" target=\"_blank\" rel=\"noreferrer noopener\"><img loading=\"lazy\" decoding=\"async\" src=\"http:\/\/furnicert.eu\/files\/logo-eurospeak.png\" alt=\"\" class=\"wp-image-266\" width=\"203\" height=\"98\"\/><\/a><\/figure>\n\n\n\n<div class=\"wp-block-getwid-advanced-spacer\" style=\"height:16px\" aria-hidden=\"true\"><\/div>\n\n\n\n<p>Eurospeak Ireland es una empresa consultora en tecnolog\u00eda educativa que se dedica a ofrecer productos formativos. Su objetivo es promover herramientas mediante acciones que fomenten un ambiente innovador y tecnol\u00f3gicamente creativo, haciendo especial hincapi\u00e9 en los grupos desfavorecidos socialmente para su inclusi\u00f3n econ\u00f3mica y social.<\/p>\n\n\n\n<p>Eurospeak Ireland est\u00e1 comprometida con la promoci\u00f3n de la innovaci\u00f3n en la educaci\u00f3n y la formaci\u00f3n.<\/p>\n\n\n\n<p>Esta empresa imparte con \u00e9xito numerosos cursos formativos en varios sectores, tanto en el marco europeo como en proyectos financiados a nivel nacional. Su principal objetivo es ofrecer a los estudiantes de cualquier edad una excelente oportunidad para mejorar sus vidas form\u00e1ndolos con las competencias necesarias para su desarrollo personal y profesional.<\/p>\n\n\n\n<p><a href=\"http:\/\/eurospeak-ireland.com\" data-type=\"URL\" data-id=\"eurospeak-ireland.com\" target=\"_blank\" rel=\"noreferrer noopener\">eurospeak-ireland.com<\/a><\/p>\n<\/div>\n\n\n\n<div class=\"wp-block-column is-layout-flow wp-block-column-is-layout-flow\">\n<p><\/p>\n<\/div>\n<\/div>\n\n\n\n<div class=\"wp-block-getwid-advanced-spacer getwid-hide-mobile\" style=\"height:100px\" aria-hidden=\"true\"><\/div>\n<\/div><\/div>\n\n\n\r\n        <div class=\"wp-block-getwid-post-carousel custom-post-type-post has-slides-gap-large is-carousel has-arrows-none has-dots-none\">\r\n            <div data-slider-option=\"{&quot;sliderSlidesToShowDesktop&quot;:&quot;3&quot;,&quot;getwid_slidesToShowLaptop&quot;:&quot;1&quot;,&quot;getwid_slidesToShowTablet&quot;:&quot;2&quot;,&quot;getwid_slidesToShowMobile&quot;:&quot;1&quot;,&quot;getwid_autoplay_speed&quot;:6000,&quot;getwid_animation_speed&quot;:800,&quot;getwid_slidesToScroll&quot;:&quot;1&quot;,&quot;getwid_autoplay&quot;:true,&quot;getwid_infinite&quot;:true,&quot;getwid_center_mode&quot;:false,&quot;getwid_arrows&quot;:&quot;none&quot;,&quot;getwid_dots&quot;:&quot;none&quot;}\" class=\"wp-block-getwid-post-carousel__wrapper\">\r\n                \t\t\t\t\t\t\t<div class=\"wp-block-getwid-post-carousel__slide\">\r\n\t\t\t\t\t\t\t\t\r\n<div class=\"wp-block-getwid-template-post-featured-image\" >\r\n            <a href=\"https:\/\/furnicert.eu\/es\/furnicert-says-goodbye-in-athens\/\">\r\n        <img loading=\"lazy\" decoding=\"async\" width=\"1200\" height=\"900\" src=\"https:\/\/furnicert.eu\/files\/WhatsApp-Image-2024-06-07-at-21.36.46-1200x900.jpeg\" class=\"attachment-large size-large wp-post-image\" alt=\"FURNICERT says goodbye in Athens\" srcset=\"https:\/\/furnicert.eu\/files\/WhatsApp-Image-2024-06-07-at-21.36.46-1200x900.jpeg 1200w, https:\/\/furnicert.eu\/files\/WhatsApp-Image-2024-06-07-at-21.36.46-600x450.jpeg 600w, https:\/\/furnicert.eu\/files\/WhatsApp-Image-2024-06-07-at-21.36.46-100x75.jpeg 100w, https:\/\/furnicert.eu\/files\/WhatsApp-Image-2024-06-07-at-21.36.46-768x576.jpeg 768w, https:\/\/furnicert.eu\/files\/WhatsApp-Image-2024-06-07-at-21.36.46.jpeg 1280w\" sizes=\"auto, (max-width: 1200px) 100vw, 1200px\" \/>            <\/a>\r\n    <\/div>\r\n\n\n\r\n<h3 class=\"wp-block-getwid-template-post-title\"><a class=\"wp-block-getwid-template-post-title__link\" href=\"https:\/\/furnicert.eu\/es\/furnicert-says-goodbye-in-athens\/\">FURNICERT says goodbye in Athens<\/a><\/h3>\t\t\t\t\t\t\t<\/div>\r\n\t\t\t\t\t\t\t\t\t\t\t\t\t<div class=\"wp-block-getwid-post-carousel__slide\">\r\n\t\t\t\t\t\t\t\t\r\n<div class=\"wp-block-getwid-template-post-featured-image\" >\r\n            <a href=\"https:\/\/furnicert.eu\/es\/cetem-promotes-innovation-and-language-learning-in-the-furniture-sector\/\">\r\n        <img loading=\"lazy\" decoding=\"async\" width=\"1200\" height=\"900\" src=\"https:\/\/furnicert.eu\/files\/IMG_1620-1200x900.jpg\" class=\"attachment-large size-large wp-post-image\" alt=\"CETEM promotes innovation and language learning in the furniture sector\" srcset=\"https:\/\/furnicert.eu\/files\/IMG_1620-1200x900.jpg 1200w, https:\/\/furnicert.eu\/files\/IMG_1620-600x450.jpg 600w, https:\/\/furnicert.eu\/files\/IMG_1620-100x75.jpg 100w, https:\/\/furnicert.eu\/files\/IMG_1620-768x576.jpg 768w, https:\/\/furnicert.eu\/files\/IMG_1620-1536x1152.jpg 1536w, https:\/\/furnicert.eu\/files\/IMG_1620-2048x1536.jpg 2048w\" sizes=\"auto, (max-width: 1200px) 100vw, 1200px\" \/>            <\/a>\r\n    <\/div>\r\n\n\n\r\n<h3 class=\"wp-block-getwid-template-post-title\"><a class=\"wp-block-getwid-template-post-title__link\" href=\"https:\/\/furnicert.eu\/es\/cetem-promotes-innovation-and-language-learning-in-the-furniture-sector\/\">CETEM promotes innovation and language learning in the furniture sector<\/a><\/h3>\t\t\t\t\t\t\t<\/div>\r\n\t\t\t\t\t\t\t\t\t\t\t\t\t<div class=\"wp-block-getwid-post-carousel__slide\">\r\n\t\t\t\t\t\t\t\t\r\n<div class=\"wp-block-getwid-template-post-featured-image\" >\r\n            <a href=\"https:\/\/furnicert.eu\/es\/language-course-and-certification-for-the-furniture-industry\/\">\r\n        <img loading=\"lazy\" decoding=\"async\" width=\"800\" height=\"773\" src=\"https:\/\/furnicert.eu\/files\/Platform2.jpg\" class=\"attachment-large size-large wp-post-image\" alt=\"Language Course and Certification for the Furniture Industry\" srcset=\"https:\/\/furnicert.eu\/files\/Platform2.jpg 800w, https:\/\/furnicert.eu\/files\/Platform2-466x450.jpg 466w, https:\/\/furnicert.eu\/files\/Platform2-768x742.jpg 768w\" sizes=\"auto, (max-width: 800px) 100vw, 800px\" \/>            <\/a>\r\n    <\/div>\r\n\n\n\r\n<h3 class=\"wp-block-getwid-template-post-title\"><a class=\"wp-block-getwid-template-post-title__link\" href=\"https:\/\/furnicert.eu\/es\/language-course-and-certification-for-the-furniture-industry\/\">Language Course and Certification for the Furniture Industry<\/a><\/h3>\t\t\t\t\t\t\t<\/div>\r\n\t\t\t\t\t\t\t\t\t\t\t\t\t<div class=\"wp-block-getwid-post-carousel__slide\">\r\n\t\t\t\t\t\t\t\t\r\n<div class=\"wp-block-getwid-template-post-featured-image\" >\r\n            <a href=\"https:\/\/furnicert.eu\/es\/furnicert-certifies-your-furniture-and-english-skills\/\">\r\n        <img loading=\"lazy\" decoding=\"async\" width=\"900\" height=\"900\" src=\"https:\/\/furnicert.eu\/files\/3945412-900x900.jpg\" class=\"attachment-large size-large wp-post-image\" alt=\"FURNICERT certifies your furniture and English skills\" srcset=\"https:\/\/furnicert.eu\/files\/3945412-900x900.jpg 900w, https:\/\/furnicert.eu\/files\/3945412-450x450.jpg 450w, https:\/\/furnicert.eu\/files\/3945412-768x768.jpg 768w, https:\/\/furnicert.eu\/files\/3945412-1536x1536.jpg 1536w, https:\/\/furnicert.eu\/files\/3945412.jpg 2000w\" sizes=\"auto, (max-width: 900px) 100vw, 900px\" \/>            <\/a>\r\n    <\/div>\r\n\n\n\r\n<h3 class=\"wp-block-getwid-template-post-title\"><a class=\"wp-block-getwid-template-post-title__link\" href=\"https:\/\/furnicert.eu\/es\/furnicert-certifies-your-furniture-and-english-skills\/\">FURNICERT certifies your furniture and English skills<\/a><\/h3>\t\t\t\t\t\t\t<\/div>\r\n\t\t\t\t\t\t\t\t\t\t\t\t\t<div class=\"wp-block-getwid-post-carousel__slide\">\r\n\t\t\t\t\t\t\t\t\r\n<div class=\"wp-block-getwid-template-post-featured-image\" >\r\n            <a href=\"https:\/\/furnicert.eu\/es\/project-result-4-in-a-nutshell-innovating-language-learning-for-the-furniture-sector\/\">\r\n        <img loading=\"lazy\" decoding=\"async\" width=\"1200\" height=\"800\" src=\"https:\/\/furnicert.eu\/files\/graphic-designers-meeting-1200x800.jpg\" class=\"attachment-large size-large wp-post-image\" alt=\"Project Result 4 in a nutshell: innovating language learning for the furniture sector\" srcset=\"https:\/\/furnicert.eu\/files\/graphic-designers-meeting-1200x800.jpg 1200w, https:\/\/furnicert.eu\/files\/graphic-designers-meeting-600x400.jpg 600w, https:\/\/furnicert.eu\/files\/graphic-designers-meeting-768x512.jpg 768w, https:\/\/furnicert.eu\/files\/graphic-designers-meeting-1536x1024.jpg 1536w, https:\/\/furnicert.eu\/files\/graphic-designers-meeting-2048x1365.jpg 2048w\" sizes=\"auto, (max-width: 1200px) 100vw, 1200px\" \/>            <\/a>\r\n    <\/div>\r\n\n\n\r\n<h3 class=\"wp-block-getwid-template-post-title\"><a class=\"wp-block-getwid-template-post-title__link\" href=\"https:\/\/furnicert.eu\/es\/project-result-4-in-a-nutshell-innovating-language-learning-for-the-furniture-sector\/\">Project Result 4 in a nutshell: innovating language learning for the furniture sector<\/a><\/h3>\t\t\t\t\t\t\t<\/div>\r\n\t\t\t\t\t\t\t\t\t\t\t\t\t<div class=\"wp-block-getwid-post-carousel__slide\">\r\n\t\t\t\t\t\t\t\t\r\n<div class=\"wp-block-getwid-template-post-featured-image\" >\r\n            <a href=\"https:\/\/furnicert.eu\/es\/upgrade-your-english-for-the-furniture-industry-with-furnicert\/\">\r\n        <img loading=\"lazy\" decoding=\"async\" width=\"900\" height=\"900\" src=\"https:\/\/furnicert.eu\/files\/MicrosoftTeams-image-1-900x900.png\" class=\"attachment-large size-large wp-post-image\" alt=\"Upgrade your English for the furniture industry with Furnicert!\" srcset=\"https:\/\/furnicert.eu\/files\/MicrosoftTeams-image-1-900x900.png 900w, https:\/\/furnicert.eu\/files\/MicrosoftTeams-image-1-450x450.png 450w, https:\/\/furnicert.eu\/files\/MicrosoftTeams-image-1-768x768.png 768w, https:\/\/furnicert.eu\/files\/MicrosoftTeams-image-1.png 1080w\" sizes=\"auto, (max-width: 900px) 100vw, 900px\" \/>            <\/a>\r\n    <\/div>\r\n\n\n\r\n<h3 class=\"wp-block-getwid-template-post-title\"><a class=\"wp-block-getwid-template-post-title__link\" href=\"https:\/\/furnicert.eu\/es\/upgrade-your-english-for-the-furniture-industry-with-furnicert\/\">Upgrade your English for the furniture industry with Furnicert!<\/a><\/h3>\t\t\t\t\t\t\t<\/div>\r\n\t\t\t\t\t\t            <\/div>\r\n        <\/div>\r\n        \n\n\n<div class=\"wp-block-getwid-advanced-spacer\" style=\"height:50px\" aria-hidden=\"true\"><\/div>\n\n\n\n<div class=\"wp-block-buttons is-content-justification-center is-layout-flex wp-container-core-buttons-is-layout-16018d1d wp-block-buttons-is-layout-flex\">\n<div class=\"wp-block-button min-w-100\"><a class=\"wp-block-button__link has-rojo-claro-background-color has-background wp-element-button\" href=\"https:\/\/furnicert.eu\/news\/\">Noticias<\/a><\/div>\n<\/div>\n\n\n\n<div class=\"wp-block-getwid-advanced-spacer\" style=\"height:50px\" aria-hidden=\"true\"><\/div>\n\n\n\n<div class=\"wp-block-getwid-advanced-spacer\" style=\"height:100px\" aria-hidden=\"true\"><\/div>\n\n\n\n<div class=\"wp-block-cover alignwide cabecera\"><span aria-hidden=\"true\" class=\"wp-block-cover__background has-accent-background-color has-background-dim-100 has-background-dim\"><\/span><div class=\"wp-block-cover__inner-container is-layout-flow wp-block-cover-is-layout-flow\">\n<div class=\"wp-block-group\"><div class=\"wp-block-group__inner-container is-layout-flow wp-block-group-is-layout-flow\">\n<h4 class=\"has-text-align-center has-base-3-color has-text-color has-x-large-font-size wp-block-heading\">Suscr\u00edbete a nuestro bolet\u00edn informativo.<\/h4>\n\n\n\n<div class=\"wp-block-group cf7-general\"><div class=\"wp-block-group__inner-container is-layout-flow wp-block-group-is-layout-flow\">\n<div class=\"wp-block-contact-form-7-contact-form-selector\"><div class=\"wpcf7 no-js\" id=\"wpcf7-f833-o1\" lang=\"es-ES\" dir=\"ltr\">\n<div class=\"screen-reader-response\"><p role=\"status\" aria-live=\"polite\" aria-atomic=\"true\"><\/p> <ul><\/ul><\/div>\n<form action=\"\/es\/wp-json\/wp\/v2\/pages\/827#wpcf7-f833-o1\" method=\"post\" class=\"wpcf7-form init\" aria-label=\"Formulario de contacto\" novalidate=\"novalidate\" data-status=\"init\">\n<div style=\"display: none;\">\n<input type=\"hidden\" name=\"_wpcf7\" value=\"833\" \/>\n<input type=\"hidden\" name=\"_wpcf7_version\" value=\"5.7.2\" \/>\n<input type=\"hidden\" name=\"_wpcf7_locale\" value=\"es_ES\" \/>\n<input type=\"hidden\" name=\"_wpcf7_unit_tag\" value=\"wpcf7-f833-o1\" \/>\n<input type=\"hidden\" name=\"_wpcf7_container_post\" value=\"0\" \/>\n<input type=\"hidden\" name=\"_wpcf7_posted_data_hash\" value=\"\" \/>\n<\/div>\n<div class=\"cf7-container\">\n\t<div class=\"cf7-box fields\">\n\t\t<p><span class=\"wpcf7-form-control-wrap\" data-name=\"Name\"><input size=\"40\" class=\"wpcf7-form-control wpcf7-text wpcf7-validates-as-required\" aria-required=\"true\" aria-invalid=\"false\" placeholder=\"Nombre\" value=\"\" type=\"text\" name=\"Name\" \/><\/span>\n\t\t<\/p>\n\t\t<p><span class=\"wpcf7-form-control-wrap Emails-wrap\" style=\"display: block;\"><input class=\"wpcf7-form-control wpcf7-text\" type=\"text\" name=\"Emails\" value=\"\" size=\"40\" class=\"wpcf7-form-control wpcf7-text wpcf7-validates-as-required\" aria-required=\"true\" aria-invalid=\"false\" placeholder=\"email\" autocomplete=\"nope\"><\/span>\n\t\t<\/p>\n\t\t<p><span class=\"wpcf7-form-control-wrap\" data-name=\"Email\"><input size=\"40\" class=\"wpcf7-form-control wpcf7-text wpcf7-email wpcf7-validates-as-required wpcf7-validates-as-email\" aria-required=\"true\" aria-invalid=\"false\" placeholder=\"email\" value=\"\" type=\"email\" name=\"Email\" \/><\/span><input type=\"hidden\" name=\"Url\" value=\"https:\/\/furnicert.eu\/es\/wp-json\/wp\/v2\/pages\/827\/\" \/>\n\t\t<\/p>\n\t\t<p><span class=\"wpcf7-form-control-wrap\" data-name=\"Country\"><input size=\"40\" class=\"wpcf7-form-control wpcf7-text wpcf7-validates-as-required\" aria-required=\"true\" aria-invalid=\"false\" placeholder=\"Pa\u00eds\" value=\"\" type=\"text\" name=\"Country\" \/><\/span>\n\t\t<\/p>\n\t<\/div>\n\t<div class=\"cf7-container left\">\n\t\t<div>\n\t\t\t<p><span class=\"wpcf7-form-control-wrap\" data-name=\"GDPR\"><span class=\"wpcf7-form-control wpcf7-acceptance\"><span class=\"wpcf7-list-item\"><label><input type=\"checkbox\" name=\"GDPR\" value=\"1\" id=\"gdpr-1\" aria-invalid=\"false\" \/><span class=\"wpcf7-list-item-label\">Valoramos tu privacidad Acepto los <a href=\"\/privacy-policy\/\" target=\"_blank\">t\u00e9rminos y condiciones de uso<\/a><\/span><\/label><\/span><\/span><\/span>\n\t\t\t<\/p>\n\t\t<\/div>\n\t\t<p><input class=\"wpcf7-form-control has-spinner wpcf7-submit\" type=\"submit\" value=\"suscr\u00edbete\" \/>\n\t\t<\/p>\n\t<\/div>\n<\/div><div class=\"wpcf7-response-output\" aria-hidden=\"true\"><\/div><\/form><\/div><\/div>\n<\/div><\/div>\n<\/div><\/div>\n<\/div><\/div>\n","protected":false},"excerpt":{"rendered":"<p>Socios FURNICERT est\u00e1 formado por el coordinador Globalnet (Polonia), CETEM (Espa\u00f1a), FURNITRUE (Polonia), UNICERT (Grecia) y EUROSPEAK (Irlanda). Globalnet S.L. es una instituci\u00f3n educativa que pertenece al sistema educativo informal de Polonia y se dedica principalmente a la educaci\u00f3n de adultos. Est\u00e1 especializada en el dise\u00f1o, desarrollo y aplicaci\u00f3n de productos de aprendizaje virtual y &#8230; <a title=\"Socios\" class=\"read-more\" href=\"https:\/\/furnicert.eu\/es\/socios\/\" aria-label=\"M\u00e1s en Socios\">Leer m\u00e1s<\/a><\/p>\n","protected":false},"author":2,"featured_media":0,"parent":0,"menu_order":0,"comment_status":"closed","ping_status":"closed","template":"","meta":{"inline_featured_image":false,"_mi_skip_tracking":false,"footnotes":""},"class_list":["post-827","page","type-page","status-publish"],"aioseo_notices":[],"_links":{"self":[{"href":"https:\/\/furnicert.eu\/es\/wp-json\/wp\/v2\/pages\/827","targetHints":{"allow":["GET"]}}],"collection":[{"href":"https:\/\/furnicert.eu\/es\/wp-json\/wp\/v2\/pages"}],"about":[{"href":"https:\/\/furnicert.eu\/es\/wp-json\/wp\/v2\/types\/page"}],"author":[{"embeddable":true,"href":"https:\/\/furnicert.eu\/es\/wp-json\/wp\/v2\/users\/2"}],"replies":[{"embeddable":true,"href":"https:\/\/furnicert.eu\/es\/wp-json\/wp\/v2\/comments?post=827"}],"version-history":[{"count":5,"href":"https:\/\/furnicert.eu\/es\/wp-json\/wp\/v2\/pages\/827\/revisions"}],"predecessor-version":[{"id":960,"href":"https:\/\/furnicert.eu\/es\/wp-json\/wp\/v2\/pages\/827\/revisions\/960"}],"wp:attachment":[{"href":"https:\/\/furnicert.eu\/es\/wp-json\/wp\/v2\/media?parent=827"}],"curies":[{"name":"wp","href":"https:\/\/api.w.org\/{rel}","templated":true}]}}