{"id":856,"date":"2022-09-27T18:29:15","date_gmt":"2022-09-27T16:29:15","guid":{"rendered":"https:\/\/furnicert.eu\/?page_id=856"},"modified":"2023-01-26T09:35:40","modified_gmt":"2023-01-26T08:35:40","slug":"o-projekcie","status":"publish","type":"page","link":"https:\/\/furnicert.eu\/pl\/o-projekcie\/","title":{"rendered":"O projekcie"},"content":{"rendered":"\n<h1 class=\"has-text-align-right banda-abajo wp-block-heading\">O projekcie<\/h1>\n\n\n\n<p class=\"m-w-700\" style=\"font-size:30px\">Celem projektu jest nauczenie j\u0119zyka angielskiego profesjonalist\u00f3w z bran\u017cy meblarskiej (mened\u017cer\u00f3w i pracownik\u00f3w). Rezultaty projektu zostan\u0105 zebrane na dostosowanej do potrzeb platformie e-learningowej wspieraj\u0105cej nauk\u0119.<\/p>\n\n\n\n<div class=\"wp-block-group max-w-1100 align-center\"><div class=\"wp-block-group__inner-container is-layout-flow wp-block-group-is-layout-flow\">\n<div class=\"wp-block-columns columna-sin-espacio-inferior is-layout-flex wp-container-core-columns-is-layout-9d6595d7 wp-block-columns-is-layout-flex\">\n<div class=\"wp-block-column is-layout-flow wp-block-column-is-layout-flow\">\n<h2 class=\"has-medium-font-size wp-block-heading\"><strong>&#8222;Czym jest projekt w ramach programu Erasmus+?<\/strong><\/h2>\n\n\n\n<p>Erasmus+ to unijny program wspieraj\u0105cy edukacj\u0119, szkolenia, m\u0142odzie\u017c i sport w Europie.<\/p>\n\n\n\n<p>Jego szacowany bud\u017cet wynosi 26,2 mld euro. To prawie dwukrotnie wi\u0119cej \u015brodk\u00f3w w por\u00f3wnaniu z poprzednim programem (2014-2020).<br>Program 2021-2027 k\u0142adzie du\u017cy nacisk na w\u0142\u0105czenie spo\u0142eczne, zielone i cyfrowe przemiany oraz promowanie uczestnictwa m\u0142odych ludzi w \u017cyciu demokratycznym.<\/p>\n\n\n\n<p>Wspiera priorytety i dzia\u0142ania okre\u015blone w Europejskim Obszarze Edukacyjnym, planie dzia\u0142ania na rzecz edukacji cyfrowej i europejskim programie na rzecz umiej\u0119tno\u015bci. Program wspiera r\u00f3wnie\u017c Europejski Filar Praw Spo\u0142ecznych, wdra\u017ca unijn\u0105 strategi\u0119 na rzecz m\u0142odzie\u017cy na lata 2019-2027 oraz rozwija europejski wymiar w sporcie.&#8221;<\/p>\n<\/div>\n\n\n\n<div class=\"wp-block-column is-layout-flow wp-block-column-is-layout-flow\">\n<div class=\"wp-block-getwid-advanced-spacer getwid-hide-desktop getwid-hide-tablet\" style=\"height:44px\" aria-hidden=\"true\"><\/div>\n\n\n\n<h2 class=\"has-medium-font-size wp-block-heading\"><strong>Karta projektu<\/strong><\/h2>\n\n\n\n<p>Tytu\u0142: FURNICERT &#8211; Certyfikacja w zakresie j\u0119zyka obcego dla przemyslu meblarskiego<\/p>\n\n\n\n<p>Data rozpocz\u0119cia: 01-05-2022 r.<br>Data zako\u0144czenia: 01-08-2024 r.<br>Kraje uczestnicz\u0105ce: 4<br>Numer referencyjny projektu: 2021-2-PL01-KA220-VET-000050140<br>Dotacja UE: 171 690 EUR<\/p>\n<\/div>\n<\/div>\n\n\n\n<h2 class=\"has-medium-font-size wp-block-heading\"><strong>Mo\u017cliwo\u015bci<\/strong><\/h2>\n\n\n\n<div class=\"wp-block-columns columna-sin-espacio-inferior is-layout-flex wp-container-core-columns-is-layout-9d6595d7 wp-block-columns-is-layout-flex\">\n<div class=\"wp-block-column is-layout-flow wp-block-column-is-layout-flow\">\n<p>Erasmus+ oferuje mo\u017cliwo\u015bci mobilno\u015bci i wsp\u00f3\u0142pracy w zakresie szkolnictwa wy\u017cszego, kszta\u0142cenia i szkolenia zawodowego, edukacji szkolnej (w tym wczesnej edukacji i opieki nad dzieckiem), edukacji doros\u0142ych, m\u0142odzie\u017cy i sportu.FURNICERT zosta\u0142 dofinansowany w ramach akcji kluczowej 2: wsp\u00f3\u0142praca na rzecz innowacji i wymiany dobrych praktyk, programu Erasmus+ w dziedzinie kszta\u0142cenia i szkolenia zawodowego.<\/p>\n<\/div>\n\n\n\n<div class=\"wp-block-column is-layout-flow wp-block-column-is-layout-flow\">\n<p>Projekt podniesie poziom kluczowych kompetencji, umiej\u0119tno\u015bci i nauczania j\u0119zyk\u00f3w, a tak\u017ce b\u0119dzie promowa\u0142 r\u00f3\u017cnorodno\u015b\u0107 j\u0119zykow\u0105 UE. FURNICERT przyczyni si\u0119 do podniesienia kompetencji istotnych dla danego rynku pracy oraz zwi\u0119kszy mo\u017cliwo\u015bci kszta\u0142cenia i mobilno\u015bci pracownik\u00f3w. Ponadto rozw\u00f3j i koncepcja projektu uwzgl\u0119dniaj\u0105 ekologiczne praktyki we wszystkich dzia\u0142aniach projektowych i na wszystkich etapach.<\/p>\n<\/div>\n<\/div>\n\n\n\n<div class=\"wp-block-getwid-advanced-spacer getwid-hide-mobile\" style=\"height:100px\" aria-hidden=\"true\"><\/div>\n<\/div><\/div>\n\n\n\r\n        <div class=\"wp-block-getwid-post-carousel custom-post-type-post has-slides-gap-large is-carousel has-arrows-none has-dots-none\">\r\n            <div data-slider-option=\"{&quot;sliderSlidesToShowDesktop&quot;:&quot;3&quot;,&quot;getwid_slidesToShowLaptop&quot;:&quot;1&quot;,&quot;getwid_slidesToShowTablet&quot;:&quot;2&quot;,&quot;getwid_slidesToShowMobile&quot;:&quot;1&quot;,&quot;getwid_autoplay_speed&quot;:6000,&quot;getwid_animation_speed&quot;:800,&quot;getwid_slidesToScroll&quot;:&quot;1&quot;,&quot;getwid_autoplay&quot;:true,&quot;getwid_infinite&quot;:true,&quot;getwid_center_mode&quot;:false,&quot;getwid_arrows&quot;:&quot;none&quot;,&quot;getwid_dots&quot;:&quot;none&quot;}\" class=\"wp-block-getwid-post-carousel__wrapper\">\r\n                \t\t\t\t\t\t\t<div class=\"wp-block-getwid-post-carousel__slide\">\r\n\t\t\t\t\t\t\t\t\r\n<div class=\"wp-block-getwid-template-post-featured-image\" >\r\n            <a href=\"https:\/\/furnicert.eu\/pl\/furnicert-says-goodbye-in-athens\/\">\r\n        <img loading=\"lazy\" decoding=\"async\" width=\"1200\" height=\"900\" src=\"https:\/\/furnicert.eu\/files\/WhatsApp-Image-2024-06-07-at-21.36.46-1200x900.jpeg\" class=\"attachment-large size-large wp-post-image\" alt=\"FURNICERT says goodbye in Athens\" srcset=\"https:\/\/furnicert.eu\/files\/WhatsApp-Image-2024-06-07-at-21.36.46-1200x900.jpeg 1200w, https:\/\/furnicert.eu\/files\/WhatsApp-Image-2024-06-07-at-21.36.46-600x450.jpeg 600w, https:\/\/furnicert.eu\/files\/WhatsApp-Image-2024-06-07-at-21.36.46-100x75.jpeg 100w, https:\/\/furnicert.eu\/files\/WhatsApp-Image-2024-06-07-at-21.36.46-768x576.jpeg 768w, https:\/\/furnicert.eu\/files\/WhatsApp-Image-2024-06-07-at-21.36.46.jpeg 1280w\" sizes=\"auto, (max-width: 1200px) 100vw, 1200px\" \/>            <\/a>\r\n    <\/div>\r\n\n\n\r\n<h3 class=\"wp-block-getwid-template-post-title\"><a class=\"wp-block-getwid-template-post-title__link\" href=\"https:\/\/furnicert.eu\/pl\/furnicert-says-goodbye-in-athens\/\">FURNICERT says goodbye in Athens<\/a><\/h3>\t\t\t\t\t\t\t<\/div>\r\n\t\t\t\t\t\t\t\t\t\t\t\t\t<div class=\"wp-block-getwid-post-carousel__slide\">\r\n\t\t\t\t\t\t\t\t\r\n<div class=\"wp-block-getwid-template-post-featured-image\" >\r\n            <a href=\"https:\/\/furnicert.eu\/pl\/cetem-promotes-innovation-and-language-learning-in-the-furniture-sector\/\">\r\n        <img loading=\"lazy\" decoding=\"async\" width=\"1200\" height=\"900\" src=\"https:\/\/furnicert.eu\/files\/IMG_1620-1200x900.jpg\" class=\"attachment-large size-large wp-post-image\" alt=\"CETEM promotes innovation and language learning in the furniture sector\" srcset=\"https:\/\/furnicert.eu\/files\/IMG_1620-1200x900.jpg 1200w, https:\/\/furnicert.eu\/files\/IMG_1620-600x450.jpg 600w, https:\/\/furnicert.eu\/files\/IMG_1620-100x75.jpg 100w, https:\/\/furnicert.eu\/files\/IMG_1620-768x576.jpg 768w, https:\/\/furnicert.eu\/files\/IMG_1620-1536x1152.jpg 1536w, https:\/\/furnicert.eu\/files\/IMG_1620-2048x1536.jpg 2048w\" sizes=\"auto, (max-width: 1200px) 100vw, 1200px\" \/>            <\/a>\r\n    <\/div>\r\n\n\n\r\n<h3 class=\"wp-block-getwid-template-post-title\"><a class=\"wp-block-getwid-template-post-title__link\" href=\"https:\/\/furnicert.eu\/pl\/cetem-promotes-innovation-and-language-learning-in-the-furniture-sector\/\">CETEM promotes innovation and language learning in the furniture sector<\/a><\/h3>\t\t\t\t\t\t\t<\/div>\r\n\t\t\t\t\t\t\t\t\t\t\t\t\t<div class=\"wp-block-getwid-post-carousel__slide\">\r\n\t\t\t\t\t\t\t\t\r\n<div class=\"wp-block-getwid-template-post-featured-image\" >\r\n            <a href=\"https:\/\/furnicert.eu\/pl\/language-course-and-certification-for-the-furniture-industry\/\">\r\n        <img loading=\"lazy\" decoding=\"async\" width=\"800\" height=\"773\" src=\"https:\/\/furnicert.eu\/files\/Platform2.jpg\" class=\"attachment-large size-large wp-post-image\" alt=\"Language Course and Certification for the Furniture Industry\" srcset=\"https:\/\/furnicert.eu\/files\/Platform2.jpg 800w, https:\/\/furnicert.eu\/files\/Platform2-466x450.jpg 466w, https:\/\/furnicert.eu\/files\/Platform2-768x742.jpg 768w\" sizes=\"auto, (max-width: 800px) 100vw, 800px\" \/>            <\/a>\r\n    <\/div>\r\n\n\n\r\n<h3 class=\"wp-block-getwid-template-post-title\"><a class=\"wp-block-getwid-template-post-title__link\" href=\"https:\/\/furnicert.eu\/pl\/language-course-and-certification-for-the-furniture-industry\/\">Language Course and Certification for the Furniture Industry<\/a><\/h3>\t\t\t\t\t\t\t<\/div>\r\n\t\t\t\t\t\t\t\t\t\t\t\t\t<div class=\"wp-block-getwid-post-carousel__slide\">\r\n\t\t\t\t\t\t\t\t\r\n<div class=\"wp-block-getwid-template-post-featured-image\" >\r\n            <a href=\"https:\/\/furnicert.eu\/pl\/furnicert-certifies-your-furniture-and-english-skills\/\">\r\n        <img loading=\"lazy\" decoding=\"async\" width=\"900\" height=\"900\" src=\"https:\/\/furnicert.eu\/files\/3945412-900x900.jpg\" class=\"attachment-large size-large wp-post-image\" alt=\"FURNICERT certifies your furniture and English skills\" srcset=\"https:\/\/furnicert.eu\/files\/3945412-900x900.jpg 900w, https:\/\/furnicert.eu\/files\/3945412-450x450.jpg 450w, https:\/\/furnicert.eu\/files\/3945412-768x768.jpg 768w, https:\/\/furnicert.eu\/files\/3945412-1536x1536.jpg 1536w, https:\/\/furnicert.eu\/files\/3945412.jpg 2000w\" sizes=\"auto, (max-width: 900px) 100vw, 900px\" \/>            <\/a>\r\n    <\/div>\r\n\n\n\r\n<h3 class=\"wp-block-getwid-template-post-title\"><a class=\"wp-block-getwid-template-post-title__link\" href=\"https:\/\/furnicert.eu\/pl\/furnicert-certifies-your-furniture-and-english-skills\/\">FURNICERT certifies your furniture and English skills<\/a><\/h3>\t\t\t\t\t\t\t<\/div>\r\n\t\t\t\t\t\t\t\t\t\t\t\t\t<div class=\"wp-block-getwid-post-carousel__slide\">\r\n\t\t\t\t\t\t\t\t\r\n<div class=\"wp-block-getwid-template-post-featured-image\" >\r\n            <a href=\"https:\/\/furnicert.eu\/pl\/project-result-4-in-a-nutshell-innovating-language-learning-for-the-furniture-sector\/\">\r\n        <img loading=\"lazy\" decoding=\"async\" width=\"1200\" height=\"800\" src=\"https:\/\/furnicert.eu\/files\/graphic-designers-meeting-1200x800.jpg\" class=\"attachment-large size-large wp-post-image\" alt=\"Project Result 4 in a nutshell: innovating language learning for the furniture sector\" srcset=\"https:\/\/furnicert.eu\/files\/graphic-designers-meeting-1200x800.jpg 1200w, https:\/\/furnicert.eu\/files\/graphic-designers-meeting-600x400.jpg 600w, https:\/\/furnicert.eu\/files\/graphic-designers-meeting-768x512.jpg 768w, https:\/\/furnicert.eu\/files\/graphic-designers-meeting-1536x1024.jpg 1536w, https:\/\/furnicert.eu\/files\/graphic-designers-meeting-2048x1365.jpg 2048w\" sizes=\"auto, (max-width: 1200px) 100vw, 1200px\" \/>            <\/a>\r\n    <\/div>\r\n\n\n\r\n<h3 class=\"wp-block-getwid-template-post-title\"><a class=\"wp-block-getwid-template-post-title__link\" href=\"https:\/\/furnicert.eu\/pl\/project-result-4-in-a-nutshell-innovating-language-learning-for-the-furniture-sector\/\">Project Result 4 in a nutshell: innovating language learning for the furniture sector<\/a><\/h3>\t\t\t\t\t\t\t<\/div>\r\n\t\t\t\t\t\t\t\t\t\t\t\t\t<div class=\"wp-block-getwid-post-carousel__slide\">\r\n\t\t\t\t\t\t\t\t\r\n<div class=\"wp-block-getwid-template-post-featured-image\" >\r\n            <a href=\"https:\/\/furnicert.eu\/pl\/upgrade-your-english-for-the-furniture-industry-with-furnicert\/\">\r\n        <img loading=\"lazy\" decoding=\"async\" width=\"900\" height=\"900\" src=\"https:\/\/furnicert.eu\/files\/MicrosoftTeams-image-1-900x900.png\" class=\"attachment-large size-large wp-post-image\" alt=\"Upgrade your English for the furniture industry with Furnicert!\" srcset=\"https:\/\/furnicert.eu\/files\/MicrosoftTeams-image-1-900x900.png 900w, https:\/\/furnicert.eu\/files\/MicrosoftTeams-image-1-450x450.png 450w, https:\/\/furnicert.eu\/files\/MicrosoftTeams-image-1-768x768.png 768w, https:\/\/furnicert.eu\/files\/MicrosoftTeams-image-1.png 1080w\" sizes=\"auto, (max-width: 900px) 100vw, 900px\" \/>            <\/a>\r\n    <\/div>\r\n\n\n\r\n<h3 class=\"wp-block-getwid-template-post-title\"><a class=\"wp-block-getwid-template-post-title__link\" href=\"https:\/\/furnicert.eu\/pl\/upgrade-your-english-for-the-furniture-industry-with-furnicert\/\">Upgrade your English for the furniture industry with Furnicert!<\/a><\/h3>\t\t\t\t\t\t\t<\/div>\r\n\t\t\t\t\t\t            <\/div>\r\n        <\/div>\r\n        \n\n\n<div class=\"wp-block-getwid-advanced-spacer\" style=\"height:50px\" aria-hidden=\"true\"><\/div>\n\n\n\n<div class=\"wp-block-buttons is-content-justification-center is-layout-flex wp-container-core-buttons-is-layout-16018d1d wp-block-buttons-is-layout-flex\">\n<div class=\"wp-block-button min-w-100\"><a class=\"wp-block-button__link has-rojo-claro-background-color has-background wp-element-button\" href=\"https:\/\/furnicert.eu\/news\/\">Aktualno\u015bci<\/a><\/div>\n<\/div>\n\n\n\n<div class=\"wp-block-getwid-advanced-spacer\" style=\"height:50px\" aria-hidden=\"true\"><\/div>\n\n\n\n<div class=\"wp-block-getwid-advanced-spacer\" style=\"height:100px\" aria-hidden=\"true\"><\/div>\n\n\n\n<div class=\"wp-block-cover alignwide cabecera\"><span aria-hidden=\"true\" class=\"wp-block-cover__background has-accent-background-color has-background-dim-100 has-background-dim\"><\/span><div class=\"wp-block-cover__inner-container is-layout-flow wp-block-cover-is-layout-flow\">\n<div class=\"wp-block-group\"><div class=\"wp-block-group__inner-container is-layout-flow wp-block-group-is-layout-flow\">\n<h4 class=\"has-text-align-center has-base-3-color has-text-color has-x-large-font-size wp-block-heading\">Zapisz si\u0119 do naszego newslettera<\/h4>\n\n\n\n<div class=\"wp-block-group cf7-general\"><div class=\"wp-block-group__inner-container is-layout-flow wp-block-group-is-layout-flow\">\n<div class=\"wp-block-contact-form-7-contact-form-selector\"><div class=\"wpcf7 no-js\" id=\"wpcf7-f868-o1\" lang=\"pl-PL\" dir=\"ltr\">\n<div class=\"screen-reader-response\"><p role=\"status\" aria-live=\"polite\" aria-atomic=\"true\"><\/p> <ul><\/ul><\/div>\n<form action=\"\/pl\/wp-json\/wp\/v2\/pages\/856#wpcf7-f868-o1\" method=\"post\" class=\"wpcf7-form init\" aria-label=\"Formularz kontaktowy\" novalidate=\"novalidate\" data-status=\"init\">\n<div style=\"display: none;\">\n<input type=\"hidden\" name=\"_wpcf7\" value=\"868\" \/>\n<input type=\"hidden\" name=\"_wpcf7_version\" value=\"5.7.2\" \/>\n<input type=\"hidden\" name=\"_wpcf7_locale\" value=\"pl_PL\" \/>\n<input type=\"hidden\" name=\"_wpcf7_unit_tag\" value=\"wpcf7-f868-o1\" \/>\n<input type=\"hidden\" name=\"_wpcf7_container_post\" value=\"0\" \/>\n<input type=\"hidden\" name=\"_wpcf7_posted_data_hash\" value=\"\" \/>\n<\/div>\n<div class=\"cf7-container\">\n\t<div class=\"cf7-box fields\">\n\t\t<p><span class=\"wpcf7-form-control-wrap\" data-name=\"Name\"><input size=\"40\" class=\"wpcf7-form-control wpcf7-text wpcf7-validates-as-required\" aria-required=\"true\" aria-invalid=\"false\" placeholder=\"Imi\u0119\" value=\"\" type=\"text\" name=\"Name\" \/><\/span>\n\t\t<\/p>\n\t\t<p><span class=\"wpcf7-form-control-wrap Emails-wrap\" style=\"display: block;\"><input class=\"wpcf7-form-control wpcf7-text\" type=\"text\" name=\"Emails\" value=\"\" size=\"40\" class=\"wpcf7-form-control wpcf7-text wpcf7-validates-as-required\" aria-required=\"true\" aria-invalid=\"false\" placeholder=\"email\" autocomplete=\"nope\"><\/span>\n\t\t<\/p>\n\t\t<p><span class=\"wpcf7-form-control-wrap\" data-name=\"Email\"><input size=\"40\" class=\"wpcf7-form-control wpcf7-text wpcf7-email wpcf7-validates-as-required wpcf7-validates-as-email\" aria-required=\"true\" aria-invalid=\"false\" placeholder=\"email\" value=\"\" type=\"email\" name=\"Email\" \/><\/span><input type=\"hidden\" name=\"Url\" value=\"https:\/\/furnicert.eu\/pl\/wp-json\/wp\/v2\/pages\/856\/\" \/>\n\t\t<\/p>\n\t\t<p><span class=\"wpcf7-form-control-wrap\" data-name=\"Country\"><input size=\"40\" class=\"wpcf7-form-control wpcf7-text wpcf7-validates-as-required\" aria-required=\"true\" aria-invalid=\"false\" placeholder=\"kraj\" value=\"\" type=\"text\" name=\"Country\" \/><\/span>\n\t\t<\/p>\n\t<\/div>\n\t<div class=\"cf7-container left\">\n\t\t<div>\n\t\t\t<p><span class=\"wpcf7-form-control-wrap\" data-name=\"GDPR\"><span class=\"wpcf7-form-control wpcf7-acceptance\"><span class=\"wpcf7-list-item\"><label><input type=\"checkbox\" name=\"GDPR\" value=\"1\" id=\"gdpr-1\" aria-invalid=\"false\" \/><span class=\"wpcf7-list-item-label\">Cenimy sobie prywatno\u015b\u0107 Twoich danych. Akceptuj\u0119 warunki <a href=\"\/privacy-policy\/\" target=\"_blank\">u\u017cytkowania<\/a>.<\/span><\/label><\/span><\/span><\/span>\n\t\t\t<\/p>\n\t\t<\/div>\n\t\t<p><input class=\"wpcf7-form-control has-spinner wpcf7-submit\" type=\"submit\" value=\"Subskrybuj\" \/>\n\t\t<\/p>\n\t<\/div>\n<\/div><div class=\"wpcf7-response-output\" aria-hidden=\"true\"><\/div><\/form><\/div><\/div>\n<\/div><\/div>\n<\/div><\/div>\n<\/div><\/div>\n","protected":false},"excerpt":{"rendered":"<p>O projekcie Celem projektu jest nauczenie j\u0119zyka angielskiego profesjonalist\u00f3w z bran\u017cy meblarskiej (mened\u017cer\u00f3w i pracownik\u00f3w). Rezultaty projektu zostan\u0105 zebrane na dostosowanej do potrzeb platformie e-learningowej wspieraj\u0105cej nauk\u0119. &#8222;Czym jest projekt w ramach programu Erasmus+? Erasmus+ to unijny program wspieraj\u0105cy edukacj\u0119, szkolenia, m\u0142odzie\u017c i sport w Europie. Jego szacowany bud\u017cet wynosi 26,2 mld euro. To prawie &#8230; <a title=\"O projekcie\" class=\"read-more\" href=\"https:\/\/furnicert.eu\/pl\/o-projekcie\/\" aria-label=\"More on O projekcie\">Czytaj dalej<\/a><\/p>\n","protected":false},"author":2,"featured_media":0,"parent":0,"menu_order":0,"comment_status":"closed","ping_status":"closed","template":"","meta":{"inline_featured_image":false,"_mi_skip_tracking":false,"footnotes":""},"class_list":["post-856","page","type-page","status-publish"],"aioseo_notices":[],"_links":{"self":[{"href":"https:\/\/furnicert.eu\/pl\/wp-json\/wp\/v2\/pages\/856","targetHints":{"allow":["GET"]}}],"collection":[{"href":"https:\/\/furnicert.eu\/pl\/wp-json\/wp\/v2\/pages"}],"about":[{"href":"https:\/\/furnicert.eu\/pl\/wp-json\/wp\/v2\/types\/page"}],"author":[{"embeddable":true,"href":"https:\/\/furnicert.eu\/pl\/wp-json\/wp\/v2\/users\/2"}],"replies":[{"embeddable":true,"href":"https:\/\/furnicert.eu\/pl\/wp-json\/wp\/v2\/comments?post=856"}],"version-history":[{"count":4,"href":"https:\/\/furnicert.eu\/pl\/wp-json\/wp\/v2\/pages\/856\/revisions"}],"predecessor-version":[{"id":917,"href":"https:\/\/furnicert.eu\/pl\/wp-json\/wp\/v2\/pages\/856\/revisions\/917"}],"wp:attachment":[{"href":"https:\/\/furnicert.eu\/pl\/wp-json\/wp\/v2\/media?parent=856"}],"curies":[{"name":"wp","href":"https:\/\/api.w.org\/{rel}","templated":true}]}}