{"id":863,"date":"2022-09-27T18:42:09","date_gmt":"2022-09-27T16:42:09","guid":{"rendered":"https:\/\/furnicert.eu\/?page_id=863"},"modified":"2023-01-23T13:49:03","modified_gmt":"2023-01-23T12:49:03","slug":"partnerzy","status":"publish","type":"page","link":"https:\/\/furnicert.eu\/pl\/partnerzy\/","title":{"rendered":"Partnerzy"},"content":{"rendered":"\n<h1 class=\"has-text-align-right banda-abajo wp-block-heading\">Partnerzy<\/h1>\n\n\n\n<p class=\"m-w-700\" style=\"font-size:30px\">FURNICERT is composed by Globalnet as Coordinator (Poland), CETEM (Spain), FURNITRUE (Poland), UNICERT (Greece) and EUROSPEAK (Ireland).<\/p>\n\n\n\n<div class=\"wp-block-group max-w-1100 align-center\"><div class=\"wp-block-group__inner-container is-layout-flow wp-block-group-is-layout-flow\">\n<div class=\"wp-block-columns is-layout-flex wp-container-core-columns-is-layout-9d6595d7 wp-block-columns-is-layout-flex\">\n<div class=\"wp-block-column is-layout-flow wp-block-column-is-layout-flow\">\n<figure class=\"wp-block-image size-full is-resized\"><a href=\"https:\/\/globalnet.com.pl\" target=\"_blank\" rel=\"noreferrer noopener\"><img loading=\"lazy\" decoding=\"async\" src=\"http:\/\/furnicert.eu\/files\/logo-globalnet.png\" alt=\"\" class=\"wp-image-263\" width=\"204\" height=\"98\"\/><\/a><\/figure>\n\n\n\n<div class=\"wp-block-getwid-advanced-spacer\" style=\"height:16px\" aria-hidden=\"true\"><\/div>\n\n\n\n<p>Globalnet sp zoo&#8221; to instytucja edukacyjna, sp\u00f3\u0142ka z ograniczon\u0105 odpowiedzialno\u015bci\u0105, kt\u00f3ra nale\u017cy do systemu kszta\u0142cenia nieformalnego w Polsce i dzia\u0142a g\u0142\u00f3wnie w obszarze kszta\u0142cenia doros\u0142ych. Firma projektuje, rozwija i wdra\u017ca produkty i oprogramowanie e-learningowe oraz dostarcza rozwi\u0105zania, szkolenia i us\u0142ugi e-learningowe dla sektora biznesowego i edukacji. Jest zaanga\u017cowana w wysokiej jako\u015bci projektowanie instrukcji i rozw\u00f3j nowych medi\u00f3w edukacyjnych, a tak\u017ce zapewnia podstawow\u0105 dostaw\u0119 program\u00f3w, kurs\u00f3w i obiekt\u00f3w edukacyjnych dla rynk\u00f3w edukacji na odleg\u0142o\u015b\u0107 i e-learningu.<\/p>\n\n\n\n<p><a href=\"https:\/\/globalnet.com.pl\" target=\"_blank\" rel=\"noreferrer noopener\">globalnet.com<\/a><\/p>\n<\/div>\n\n\n\n<div class=\"wp-block-column is-layout-flow wp-block-column-is-layout-flow\">\n<figure class=\"wp-block-image size-full is-resized\"><a href=\"https:\/\/cetem.es\" target=\"_blank\" rel=\"noreferrer noopener\"><img loading=\"lazy\" decoding=\"async\" src=\"http:\/\/furnicert.eu\/files\/logo-cetem.png\" alt=\"\" class=\"wp-image-264\" width=\"204\" height=\"98\"\/><\/a><\/figure>\n\n\n\n<div class=\"wp-block-getwid-advanced-spacer\" style=\"height:16px\" aria-hidden=\"true\"><\/div>\n\n\n\n<p>Centrum Bada\u0144 Technicznych i Szkole\u0144 dla Meblerstwa i Przemys\u0142u Drzewnego Regionu Murcji (CETEM) jest prywatnym stowarzyszeniem non-profit z siedzib\u0105 w gminie Yecla, gdzie znajduje si\u0119 najwa\u017cniejszy klaster meblowy w Hiszpanii. Misja CETEM jest ukierunkowana na popraw\u0119, wspieranie ci\u0105g\u0142ego doskonalenia i transfer wszelkiego rodzaju innowacji do firm, g\u0142\u00f3wnie M\u015aP, jednocze\u015bnie aktywnie przyczyniaj\u0105c si\u0119 do ich rozwoju spo\u0142eczno-gospodarczego poprzez us\u0142ugi doradcze, dzia\u0142alno\u015b\u0107 badawczo-rozwojow\u0105 i szkolenia dostosowane do potrzeb przemys\u0142u i spo\u0142ecze\u0144stwa.<\/p>\n\n\n\n<p><a href=\"https:\/\/cetem.es\" target=\"_blank\" rel=\"noreferrer noopener\">cetem.es<\/a><\/p>\n<\/div>\n\n\n\n<div class=\"wp-block-column is-layout-flow wp-block-column-is-layout-flow\">\n<figure class=\"wp-block-image size-full is-resized\"><img loading=\"lazy\" decoding=\"async\" src=\"http:\/\/furnicert.eu\/files\/logo-fournitrue-2.png\" alt=\"\" class=\"wp-image-625\" width=\"204\" height=\"98\"\/><\/figure>\n\n\n\n<div class=\"wp-block-getwid-advanced-spacer\" style=\"height:16px\" aria-hidden=\"true\"><\/div>\n\n\n\n<p>Podstawowa dzia\u0142alno\u015b\u0107 Furnitrue sp. z o. o. jest silnie zwi\u0105zana z meblami i przemys\u0142em meblarskim. Ftrue jako sp\u00f3\u0142ka z o.o. oferuje us\u0142ugi dotycz\u0105ce rozwoju produkt\u00f3w i silnych umiej\u0119tno\u015bci in\u017cynierskich oraz kompetencji mi\u0119kkich dotycz\u0105cych koncepcji projektowych czy organizacji pracy. Nale\u017cy do systemu kszta\u0142cenia nieformalnego w Polsce. W zakresie jej zainteresowa\u0144 jest r\u00f3wnie\u017c przekwalifikowanie lub doszkolenie pracownik\u00f3w bran\u017cy meblarskiej. Ftrue prowadzi warsztaty i szkolenia dla uczni\u00f3w szk\u00f3\u0142 podstawowych, \u015brednich i student\u00f3w.<\/p>\n\n\n\n<p><a href=\"https:\/\/furnitrue.pl\" target=\"_blank\" rel=\"noreferrer noopener\">furnitrue.pl<\/a><\/p>\n<\/div>\n<\/div>\n\n\n\n<div class=\"wp-block-columns is-layout-flex wp-container-core-columns-is-layout-9d6595d7 wp-block-columns-is-layout-flex\">\n<div class=\"wp-block-column is-layout-flow wp-block-column-is-layout-flow\">\n<figure class=\"wp-block-image size-full is-resized\"><a href=\"https:\/\/unicert.gr\" target=\"_blank\" rel=\"noreferrer noopener\"><img loading=\"lazy\" decoding=\"async\" src=\"http:\/\/furnicert.eu\/files\/logo-unicert.png\" alt=\"\" class=\"wp-image-265\" width=\"203\" height=\"98\"\/><\/a><\/figure>\n\n\n\n<div class=\"wp-block-getwid-advanced-spacer\" style=\"height:16px\" aria-hidden=\"true\"><\/div>\n\n\n\n<p>&#8222;UNICERT S.A. jest nowoczesn\u0105 Jednostk\u0105 Certyfikuj\u0105c\u0105 Osoby, licencjonowan\u0105 przez National Organisation for the Certification of Qualifications &amp; Vocational Guidance &#8211; EOPPEP (organ krajowy, kt\u00f3ry dzia\u0142a pod nadzorem Ministra Edukacji i Spraw Religijnych, Kultury i Sportu) do certyfikowania os\u00f3b w zakresie Informatyki i U\u017cytkowania Komputer\u00f3w.<\/p>\n\n\n\n<p>UNICERT S.A. posiada certyfikat ISO 9001:2015 oraz akredytacj\u0119 ISO\/IEC 17024:2012 w zakresie certyfikacji os\u00f3b (w 136 schematach) przez E.SY.D. (Hellenic Accreditation System). UNICERT S.A. d\u0105\u017cy do pe\u0142nego zaspokojenia potrzeb w zakresie certyfikacji ka\u017cdego zainteresowanego podmiotu z zaanga\u017cowaniem w dostarczanie wysokiej jako\u015bci us\u0142ug i elastycznych rozwi\u0105za\u0144.&#8221;<\/p>\n\n\n\n<p><a href=\"https:\/\/unicert.gr\" target=\"_blank\" rel=\"noreferrer noopener\">unicert.gr<\/a><\/p>\n<\/div>\n\n\n\n<div class=\"wp-block-column is-layout-flow wp-block-column-is-layout-flow\">\n<figure class=\"wp-block-image size-full is-resized\"><a href=\"http:\/\/eurospeak-ireland.com\" target=\"_blank\" rel=\"noreferrer noopener\"><img loading=\"lazy\" decoding=\"async\" src=\"http:\/\/furnicert.eu\/files\/logo-eurospeak.png\" alt=\"\" class=\"wp-image-266\" width=\"203\" height=\"98\"\/><\/a><\/figure>\n\n\n\n<div class=\"wp-block-getwid-advanced-spacer\" style=\"height:16px\" aria-hidden=\"true\"><\/div>\n\n\n\n<p>Eurospeak Ireland&#8221; jest firm\u0105 doradcz\u0105 w zakresie technologii edukacyjnych, zajmuj\u0105c\u0105 si\u0119 dostarczaniem produkt\u00f3w edukacyjnych. Jej celem jest promowanie narz\u0119dzi edukacyjnych poprzez dzia\u0142ania wspieraj\u0105ce innowacyjne i technologicznie kreatywne \u015brodowisko, wraz ze szczeg\u00f3lnym uwzgl\u0119dnieniem defaworyzowanych grup spo\u0142ecznych oraz ich integracji ekonomicznej i spo\u0142ecznej.<\/p>\n\n\n\n<p>Misj\u0105 Eurospeak Ireland jest promocja innowacji w edukacji i szkoleniach.<\/p>\n\n\n\n<p>Eurospeak z powodzeniem prowadzi liczne szkolenia w r\u00f3\u017cnych sektorach zar\u00f3wno w ramach projekt\u00f3w finansowanych ze \u015brodk\u00f3w europejskich jak i krajowych. Ich g\u0142\u00f3wnym celem jest zapewnienie osobom ucz\u0105cym si\u0119 ze wszystkich grup wiekowych najlepszych mo\u017cliwo\u015bci poprawy jako\u015bci \u017cycia oraz przekazanie im niezb\u0119dnych umiej\u0119tno\u015bci, kt\u00f3rych potrzebuj\u0105 zar\u00f3wno w \u017cyciu osobistym, jak i zawodowym, aby osi\u0105gn\u0105\u0107 sukces.<\/p>\n\n\n\n<p><a href=\"http:\/\/eurospeak-ireland.com\" data-type=\"URL\" data-id=\"eurospeak-ireland.com\" target=\"_blank\" rel=\"noreferrer noopener\">eurospeak-ireland.com<\/a><\/p>\n<\/div>\n\n\n\n<div class=\"wp-block-column is-layout-flow wp-block-column-is-layout-flow\">\n<p><\/p>\n<\/div>\n<\/div>\n\n\n\n<div class=\"wp-block-getwid-advanced-spacer getwid-hide-mobile\" style=\"height:100px\" aria-hidden=\"true\"><\/div>\n<\/div><\/div>\n\n\n\r\n        <div class=\"wp-block-getwid-post-carousel custom-post-type-post has-slides-gap-large is-carousel has-arrows-none has-dots-none\">\r\n            <div data-slider-option=\"{&quot;sliderSlidesToShowDesktop&quot;:&quot;3&quot;,&quot;getwid_slidesToShowLaptop&quot;:&quot;1&quot;,&quot;getwid_slidesToShowTablet&quot;:&quot;2&quot;,&quot;getwid_slidesToShowMobile&quot;:&quot;1&quot;,&quot;getwid_autoplay_speed&quot;:6000,&quot;getwid_animation_speed&quot;:800,&quot;getwid_slidesToScroll&quot;:&quot;1&quot;,&quot;getwid_autoplay&quot;:true,&quot;getwid_infinite&quot;:true,&quot;getwid_center_mode&quot;:false,&quot;getwid_arrows&quot;:&quot;none&quot;,&quot;getwid_dots&quot;:&quot;none&quot;}\" class=\"wp-block-getwid-post-carousel__wrapper\">\r\n                \t\t\t\t\t\t\t<div class=\"wp-block-getwid-post-carousel__slide\">\r\n\t\t\t\t\t\t\t\t\r\n<div class=\"wp-block-getwid-template-post-featured-image\" >\r\n            <a href=\"https:\/\/furnicert.eu\/pl\/furnicert-says-goodbye-in-athens\/\">\r\n        <img loading=\"lazy\" decoding=\"async\" width=\"1200\" height=\"900\" src=\"https:\/\/furnicert.eu\/files\/WhatsApp-Image-2024-06-07-at-21.36.46-1200x900.jpeg\" class=\"attachment-large size-large wp-post-image\" alt=\"FURNICERT says goodbye in Athens\" srcset=\"https:\/\/furnicert.eu\/files\/WhatsApp-Image-2024-06-07-at-21.36.46-1200x900.jpeg 1200w, https:\/\/furnicert.eu\/files\/WhatsApp-Image-2024-06-07-at-21.36.46-600x450.jpeg 600w, https:\/\/furnicert.eu\/files\/WhatsApp-Image-2024-06-07-at-21.36.46-100x75.jpeg 100w, https:\/\/furnicert.eu\/files\/WhatsApp-Image-2024-06-07-at-21.36.46-768x576.jpeg 768w, https:\/\/furnicert.eu\/files\/WhatsApp-Image-2024-06-07-at-21.36.46.jpeg 1280w\" sizes=\"auto, (max-width: 1200px) 100vw, 1200px\" \/>            <\/a>\r\n    <\/div>\r\n\n\n\r\n<h3 class=\"wp-block-getwid-template-post-title\"><a class=\"wp-block-getwid-template-post-title__link\" href=\"https:\/\/furnicert.eu\/pl\/furnicert-says-goodbye-in-athens\/\">FURNICERT says goodbye in Athens<\/a><\/h3>\t\t\t\t\t\t\t<\/div>\r\n\t\t\t\t\t\t\t\t\t\t\t\t\t<div class=\"wp-block-getwid-post-carousel__slide\">\r\n\t\t\t\t\t\t\t\t\r\n<div class=\"wp-block-getwid-template-post-featured-image\" >\r\n            <a href=\"https:\/\/furnicert.eu\/pl\/cetem-promotes-innovation-and-language-learning-in-the-furniture-sector\/\">\r\n        <img loading=\"lazy\" decoding=\"async\" width=\"1200\" height=\"900\" src=\"https:\/\/furnicert.eu\/files\/IMG_1620-1200x900.jpg\" class=\"attachment-large size-large wp-post-image\" alt=\"CETEM promotes innovation and language learning in the furniture sector\" srcset=\"https:\/\/furnicert.eu\/files\/IMG_1620-1200x900.jpg 1200w, https:\/\/furnicert.eu\/files\/IMG_1620-600x450.jpg 600w, https:\/\/furnicert.eu\/files\/IMG_1620-100x75.jpg 100w, https:\/\/furnicert.eu\/files\/IMG_1620-768x576.jpg 768w, https:\/\/furnicert.eu\/files\/IMG_1620-1536x1152.jpg 1536w, https:\/\/furnicert.eu\/files\/IMG_1620-2048x1536.jpg 2048w\" sizes=\"auto, (max-width: 1200px) 100vw, 1200px\" \/>            <\/a>\r\n    <\/div>\r\n\n\n\r\n<h3 class=\"wp-block-getwid-template-post-title\"><a class=\"wp-block-getwid-template-post-title__link\" href=\"https:\/\/furnicert.eu\/pl\/cetem-promotes-innovation-and-language-learning-in-the-furniture-sector\/\">CETEM promotes innovation and language learning in the furniture sector<\/a><\/h3>\t\t\t\t\t\t\t<\/div>\r\n\t\t\t\t\t\t\t\t\t\t\t\t\t<div class=\"wp-block-getwid-post-carousel__slide\">\r\n\t\t\t\t\t\t\t\t\r\n<div class=\"wp-block-getwid-template-post-featured-image\" >\r\n            <a href=\"https:\/\/furnicert.eu\/pl\/language-course-and-certification-for-the-furniture-industry\/\">\r\n        <img loading=\"lazy\" decoding=\"async\" width=\"800\" height=\"773\" src=\"https:\/\/furnicert.eu\/files\/Platform2.jpg\" class=\"attachment-large size-large wp-post-image\" alt=\"Language Course and Certification for the Furniture Industry\" srcset=\"https:\/\/furnicert.eu\/files\/Platform2.jpg 800w, https:\/\/furnicert.eu\/files\/Platform2-466x450.jpg 466w, https:\/\/furnicert.eu\/files\/Platform2-768x742.jpg 768w\" sizes=\"auto, (max-width: 800px) 100vw, 800px\" \/>            <\/a>\r\n    <\/div>\r\n\n\n\r\n<h3 class=\"wp-block-getwid-template-post-title\"><a class=\"wp-block-getwid-template-post-title__link\" href=\"https:\/\/furnicert.eu\/pl\/language-course-and-certification-for-the-furniture-industry\/\">Language Course and Certification for the Furniture Industry<\/a><\/h3>\t\t\t\t\t\t\t<\/div>\r\n\t\t\t\t\t\t\t\t\t\t\t\t\t<div class=\"wp-block-getwid-post-carousel__slide\">\r\n\t\t\t\t\t\t\t\t\r\n<div class=\"wp-block-getwid-template-post-featured-image\" >\r\n            <a href=\"https:\/\/furnicert.eu\/pl\/furnicert-certifies-your-furniture-and-english-skills\/\">\r\n        <img loading=\"lazy\" decoding=\"async\" width=\"900\" height=\"900\" src=\"https:\/\/furnicert.eu\/files\/3945412-900x900.jpg\" class=\"attachment-large size-large wp-post-image\" alt=\"FURNICERT certifies your furniture and English skills\" srcset=\"https:\/\/furnicert.eu\/files\/3945412-900x900.jpg 900w, https:\/\/furnicert.eu\/files\/3945412-450x450.jpg 450w, https:\/\/furnicert.eu\/files\/3945412-768x768.jpg 768w, https:\/\/furnicert.eu\/files\/3945412-1536x1536.jpg 1536w, https:\/\/furnicert.eu\/files\/3945412.jpg 2000w\" sizes=\"auto, (max-width: 900px) 100vw, 900px\" \/>            <\/a>\r\n    <\/div>\r\n\n\n\r\n<h3 class=\"wp-block-getwid-template-post-title\"><a class=\"wp-block-getwid-template-post-title__link\" href=\"https:\/\/furnicert.eu\/pl\/furnicert-certifies-your-furniture-and-english-skills\/\">FURNICERT certifies your furniture and English skills<\/a><\/h3>\t\t\t\t\t\t\t<\/div>\r\n\t\t\t\t\t\t\t\t\t\t\t\t\t<div class=\"wp-block-getwid-post-carousel__slide\">\r\n\t\t\t\t\t\t\t\t\r\n<div class=\"wp-block-getwid-template-post-featured-image\" >\r\n            <a href=\"https:\/\/furnicert.eu\/pl\/project-result-4-in-a-nutshell-innovating-language-learning-for-the-furniture-sector\/\">\r\n        <img loading=\"lazy\" decoding=\"async\" width=\"1200\" height=\"800\" src=\"https:\/\/furnicert.eu\/files\/graphic-designers-meeting-1200x800.jpg\" class=\"attachment-large size-large wp-post-image\" alt=\"Project Result 4 in a nutshell: innovating language learning for the furniture sector\" srcset=\"https:\/\/furnicert.eu\/files\/graphic-designers-meeting-1200x800.jpg 1200w, https:\/\/furnicert.eu\/files\/graphic-designers-meeting-600x400.jpg 600w, https:\/\/furnicert.eu\/files\/graphic-designers-meeting-768x512.jpg 768w, https:\/\/furnicert.eu\/files\/graphic-designers-meeting-1536x1024.jpg 1536w, https:\/\/furnicert.eu\/files\/graphic-designers-meeting-2048x1365.jpg 2048w\" sizes=\"auto, (max-width: 1200px) 100vw, 1200px\" \/>            <\/a>\r\n    <\/div>\r\n\n\n\r\n<h3 class=\"wp-block-getwid-template-post-title\"><a class=\"wp-block-getwid-template-post-title__link\" href=\"https:\/\/furnicert.eu\/pl\/project-result-4-in-a-nutshell-innovating-language-learning-for-the-furniture-sector\/\">Project Result 4 in a nutshell: innovating language learning for the furniture sector<\/a><\/h3>\t\t\t\t\t\t\t<\/div>\r\n\t\t\t\t\t\t\t\t\t\t\t\t\t<div class=\"wp-block-getwid-post-carousel__slide\">\r\n\t\t\t\t\t\t\t\t\r\n<div class=\"wp-block-getwid-template-post-featured-image\" >\r\n            <a href=\"https:\/\/furnicert.eu\/pl\/upgrade-your-english-for-the-furniture-industry-with-furnicert\/\">\r\n        <img loading=\"lazy\" decoding=\"async\" width=\"900\" height=\"900\" src=\"https:\/\/furnicert.eu\/files\/MicrosoftTeams-image-1-900x900.png\" class=\"attachment-large size-large wp-post-image\" alt=\"Upgrade your English for the furniture industry with Furnicert!\" srcset=\"https:\/\/furnicert.eu\/files\/MicrosoftTeams-image-1-900x900.png 900w, https:\/\/furnicert.eu\/files\/MicrosoftTeams-image-1-450x450.png 450w, https:\/\/furnicert.eu\/files\/MicrosoftTeams-image-1-768x768.png 768w, https:\/\/furnicert.eu\/files\/MicrosoftTeams-image-1.png 1080w\" sizes=\"auto, (max-width: 900px) 100vw, 900px\" \/>            <\/a>\r\n    <\/div>\r\n\n\n\r\n<h3 class=\"wp-block-getwid-template-post-title\"><a class=\"wp-block-getwid-template-post-title__link\" href=\"https:\/\/furnicert.eu\/pl\/upgrade-your-english-for-the-furniture-industry-with-furnicert\/\">Upgrade your English for the furniture industry with Furnicert!<\/a><\/h3>\t\t\t\t\t\t\t<\/div>\r\n\t\t\t\t\t\t            <\/div>\r\n        <\/div>\r\n        \n\n\n<div class=\"wp-block-getwid-advanced-spacer\" style=\"height:50px\" aria-hidden=\"true\"><\/div>\n\n\n\n<div class=\"wp-block-buttons is-content-justification-center is-layout-flex wp-container-core-buttons-is-layout-16018d1d wp-block-buttons-is-layout-flex\">\n<div class=\"wp-block-button min-w-100\"><a class=\"wp-block-button__link has-rojo-claro-background-color has-background wp-element-button\" href=\"https:\/\/furnicert.eu\/news\/\">Aktualno\u015bci<\/a><\/div>\n<\/div>\n\n\n\n<div class=\"wp-block-getwid-advanced-spacer\" style=\"height:50px\" aria-hidden=\"true\"><\/div>\n\n\n\n<div class=\"wp-block-getwid-advanced-spacer\" style=\"height:100px\" aria-hidden=\"true\"><\/div>\n\n\n\n<div class=\"wp-block-cover alignwide cabecera\"><span aria-hidden=\"true\" class=\"wp-block-cover__background has-accent-background-color has-background-dim-100 has-background-dim\"><\/span><div class=\"wp-block-cover__inner-container is-layout-flow wp-block-cover-is-layout-flow\">\n<div class=\"wp-block-group\"><div class=\"wp-block-group__inner-container is-layout-flow wp-block-group-is-layout-flow\">\n<h4 class=\"has-text-align-center has-base-3-color has-text-color has-x-large-font-size wp-block-heading\">Zapisz si\u0119 do naszego newslettera<\/h4>\n\n\n\n<div class=\"wp-block-group cf7-general\"><div class=\"wp-block-group__inner-container is-layout-flow wp-block-group-is-layout-flow\">\n<div class=\"wp-block-contact-form-7-contact-form-selector\"><div class=\"wpcf7 no-js\" id=\"wpcf7-f868-o1\" lang=\"pl-PL\" dir=\"ltr\">\n<div class=\"screen-reader-response\"><p role=\"status\" aria-live=\"polite\" aria-atomic=\"true\"><\/p> <ul><\/ul><\/div>\n<form action=\"\/pl\/wp-json\/wp\/v2\/pages\/863#wpcf7-f868-o1\" method=\"post\" class=\"wpcf7-form init\" aria-label=\"Formularz kontaktowy\" novalidate=\"novalidate\" data-status=\"init\">\n<div style=\"display: none;\">\n<input type=\"hidden\" name=\"_wpcf7\" value=\"868\" \/>\n<input type=\"hidden\" name=\"_wpcf7_version\" value=\"5.7.2\" \/>\n<input type=\"hidden\" name=\"_wpcf7_locale\" value=\"pl_PL\" \/>\n<input type=\"hidden\" name=\"_wpcf7_unit_tag\" value=\"wpcf7-f868-o1\" \/>\n<input type=\"hidden\" name=\"_wpcf7_container_post\" value=\"0\" \/>\n<input type=\"hidden\" name=\"_wpcf7_posted_data_hash\" value=\"\" \/>\n<\/div>\n<div class=\"cf7-container\">\n\t<div class=\"cf7-box fields\">\n\t\t<p><span class=\"wpcf7-form-control-wrap\" data-name=\"Name\"><input size=\"40\" class=\"wpcf7-form-control wpcf7-text wpcf7-validates-as-required\" aria-required=\"true\" aria-invalid=\"false\" placeholder=\"Imi\u0119\" value=\"\" type=\"text\" name=\"Name\" \/><\/span>\n\t\t<\/p>\n\t\t<p><span class=\"wpcf7-form-control-wrap Emails-wrap\" style=\"display: block;\"><input class=\"wpcf7-form-control wpcf7-text\" type=\"text\" name=\"Emails\" value=\"\" size=\"40\" class=\"wpcf7-form-control wpcf7-text wpcf7-validates-as-required\" aria-required=\"true\" aria-invalid=\"false\" placeholder=\"email\" autocomplete=\"nope\"><\/span>\n\t\t<\/p>\n\t\t<p><span class=\"wpcf7-form-control-wrap\" data-name=\"Email\"><input size=\"40\" class=\"wpcf7-form-control wpcf7-text wpcf7-email wpcf7-validates-as-required wpcf7-validates-as-email\" aria-required=\"true\" aria-invalid=\"false\" placeholder=\"email\" value=\"\" type=\"email\" name=\"Email\" \/><\/span><input type=\"hidden\" name=\"Url\" value=\"https:\/\/furnicert.eu\/pl\/wp-json\/wp\/v2\/pages\/863\/\" \/>\n\t\t<\/p>\n\t\t<p><span class=\"wpcf7-form-control-wrap\" data-name=\"Country\"><input size=\"40\" class=\"wpcf7-form-control wpcf7-text wpcf7-validates-as-required\" aria-required=\"true\" aria-invalid=\"false\" placeholder=\"kraj\" value=\"\" type=\"text\" name=\"Country\" \/><\/span>\n\t\t<\/p>\n\t<\/div>\n\t<div class=\"cf7-container left\">\n\t\t<div>\n\t\t\t<p><span class=\"wpcf7-form-control-wrap\" data-name=\"GDPR\"><span class=\"wpcf7-form-control wpcf7-acceptance\"><span class=\"wpcf7-list-item\"><label><input type=\"checkbox\" name=\"GDPR\" value=\"1\" id=\"gdpr-1\" aria-invalid=\"false\" \/><span class=\"wpcf7-list-item-label\">Cenimy sobie prywatno\u015b\u0107 Twoich danych. Akceptuj\u0119 warunki <a href=\"\/privacy-policy\/\" target=\"_blank\">u\u017cytkowania<\/a>.<\/span><\/label><\/span><\/span><\/span>\n\t\t\t<\/p>\n\t\t<\/div>\n\t\t<p><input class=\"wpcf7-form-control has-spinner wpcf7-submit\" type=\"submit\" value=\"Subskrybuj\" \/>\n\t\t<\/p>\n\t<\/div>\n<\/div><div class=\"wpcf7-response-output\" aria-hidden=\"true\"><\/div><\/form><\/div><\/div>\n<\/div><\/div>\n<\/div><\/div>\n<\/div><\/div>\n","protected":false},"excerpt":{"rendered":"<p>Partnerzy FURNICERT is composed by Globalnet as Coordinator (Poland), CETEM (Spain), FURNITRUE (Poland), UNICERT (Greece) and EUROSPEAK (Ireland). Globalnet sp zoo&#8221; to instytucja edukacyjna, sp\u00f3\u0142ka z ograniczon\u0105 odpowiedzialno\u015bci\u0105, kt\u00f3ra nale\u017cy do systemu kszta\u0142cenia nieformalnego w Polsce i dzia\u0142a g\u0142\u00f3wnie w obszarze kszta\u0142cenia doros\u0142ych. Firma projektuje, rozwija i wdra\u017ca produkty i oprogramowanie e-learningowe oraz dostarcza rozwi\u0105zania, &#8230; <a title=\"Partnerzy\" class=\"read-more\" href=\"https:\/\/furnicert.eu\/pl\/partnerzy\/\" aria-label=\"More on Partnerzy\">Czytaj dalej<\/a><\/p>\n","protected":false},"author":2,"featured_media":0,"parent":0,"menu_order":0,"comment_status":"closed","ping_status":"closed","template":"","meta":{"inline_featured_image":false,"_mi_skip_tracking":false,"footnotes":""},"class_list":["post-863","page","type-page","status-publish"],"aioseo_notices":[],"_links":{"self":[{"href":"https:\/\/furnicert.eu\/pl\/wp-json\/wp\/v2\/pages\/863","targetHints":{"allow":["GET"]}}],"collection":[{"href":"https:\/\/furnicert.eu\/pl\/wp-json\/wp\/v2\/pages"}],"about":[{"href":"https:\/\/furnicert.eu\/pl\/wp-json\/wp\/v2\/types\/page"}],"author":[{"embeddable":true,"href":"https:\/\/furnicert.eu\/pl\/wp-json\/wp\/v2\/users\/2"}],"replies":[{"embeddable":true,"href":"https:\/\/furnicert.eu\/pl\/wp-json\/wp\/v2\/comments?post=863"}],"version-history":[{"count":2,"href":"https:\/\/furnicert.eu\/pl\/wp-json\/wp\/v2\/pages\/863\/revisions"}],"predecessor-version":[{"id":898,"href":"https:\/\/furnicert.eu\/pl\/wp-json\/wp\/v2\/pages\/863\/revisions\/898"}],"wp:attachment":[{"href":"https:\/\/furnicert.eu\/pl\/wp-json\/wp\/v2\/media?parent=863"}],"curies":[{"name":"wp","href":"https:\/\/api.w.org\/{rel}","templated":true}]}}